{"id":1791,"date":"2020-02-19T13:12:20","date_gmt":"2020-02-19T13:12:20","guid":{"rendered":"https:\/\/stagingblackmodafi.test.cchosting.fi\/tuotanto\/"},"modified":"2022-05-19T11:45:09","modified_gmt":"2022-05-19T08:45:09","slug":"quem-somos","status":"publish","type":"page","link":"https:\/\/blackmoda.fi\/pt-pt\/quem-somos\/","title":{"rendered":"Quem Somos"},"content":{"rendered":"\n<div style=\"height:100px\" aria-hidden=\"true\" class=\"wp-block-spacer\"><\/div>\n\n\n\n<div class=\"wp-block-group alignwide\"><div class=\"wp-block-group__inner-container is-layout-flow wp-block-group-is-layout-flow\">\n<div class=\"wp-block-columns alignwide align-items-center is-layout-flex wp-container-core-columns-is-layout-9d6595d7 wp-block-columns-is-layout-flex\">\n<div class=\"wp-block-column is-layout-flow wp-block-column-is-layout-flow\">\n<div class=\"wp-block-columns is-layout-flex wp-container-core-columns-is-layout-9d6595d7 wp-block-columns-is-layout-flex\">\n<div class=\"wp-block-column is-layout-flow wp-block-column-is-layout-flow\" style=\"flex-basis:100%\"><\/div>\n<\/div>\n\n\n\n<div class=\"wp-block-columns is-layout-flex wp-container-core-columns-is-layout-9d6595d7 wp-block-columns-is-layout-flex\">\n<div class=\"wp-block-column is-layout-flow wp-block-column-is-layout-flow\">\n<figure class=\"wp-block-image size-large\"><img loading=\"lazy\" decoding=\"async\" width=\"2560\" height=\"2554\" src=\"https:\/\/blackmoda.fi\/wp-content\/uploads\/2020\/03\/MG_6677-crop-2560x2554.jpg\" alt=\"\" class=\"wp-image-1704\" srcset=\"https:\/\/blackmoda.fi\/wp-content\/uploads\/2020\/03\/MG_6677-crop-2560x2554.jpg 2560w, https:\/\/blackmoda.fi\/wp-content\/uploads\/2020\/03\/MG_6677-crop-800x798.jpg 800w, https:\/\/blackmoda.fi\/wp-content\/uploads\/2020\/03\/MG_6677-crop-400x400.jpg 400w, https:\/\/blackmoda.fi\/wp-content\/uploads\/2020\/03\/MG_6677-crop-768x766.jpg 768w, https:\/\/blackmoda.fi\/wp-content\/uploads\/2020\/03\/MG_6677-crop-1536x1533.jpg 1536w, https:\/\/blackmoda.fi\/wp-content\/uploads\/2020\/03\/MG_6677-crop-2048x2043.jpg 2048w, https:\/\/blackmoda.fi\/wp-content\/uploads\/2020\/03\/MG_6677-crop-700x698.jpg 700w\" sizes=\"auto, (max-width: 2560px) 100vw, 2560px\" \/><\/figure>\n<\/div>\n\n\n\n<div class=\"wp-block-column is-layout-flow wp-block-column-is-layout-flow\">\n<figure class=\"wp-block-image size-large\"><img loading=\"lazy\" decoding=\"async\" width=\"1707\" height=\"2560\" src=\"https:\/\/blackmoda.fi\/wp-content\/uploads\/2020\/03\/blackmoda_tuotanto_cottonhouse_2019_020-muva-1707x2560.jpg\" alt=\"\" class=\"wp-image-1752\" srcset=\"https:\/\/blackmoda.fi\/wp-content\/uploads\/2020\/03\/blackmoda_tuotanto_cottonhouse_2019_020-muva-scaled.jpg 1707w, https:\/\/blackmoda.fi\/wp-content\/uploads\/2020\/03\/blackmoda_tuotanto_cottonhouse_2019_020-muva-533x800.jpg 533w, https:\/\/blackmoda.fi\/wp-content\/uploads\/2020\/03\/blackmoda_tuotanto_cottonhouse_2019_020-muva-768x1152.jpg 768w, https:\/\/blackmoda.fi\/wp-content\/uploads\/2020\/03\/blackmoda_tuotanto_cottonhouse_2019_020-muva-1024x1536.jpg 1024w, https:\/\/blackmoda.fi\/wp-content\/uploads\/2020\/03\/blackmoda_tuotanto_cottonhouse_2019_020-muva-1365x2048.jpg 1365w, https:\/\/blackmoda.fi\/wp-content\/uploads\/2020\/03\/blackmoda_tuotanto_cottonhouse_2019_020-muva-467x700.jpg 467w\" sizes=\"auto, (max-width: 1707px) 100vw, 1707px\" \/><\/figure>\n<\/div>\n<\/div>\n<\/div>\n\n\n\n<div class=\"wp-block-column is-layout-flow wp-block-column-is-layout-flow\">\n<h2 class=\"wp-block-heading\" id=\"uma-empresa-familiar-com-raizes-nordicas\">Uma empresa familiar com ra\u00edzes n\u00f3rdicas<\/h2>\n\n\n\n<p><\/p>\n\n\n\n<p>A Black Moda \u00e9 uma empresa familiar bem estabelecida na \u00e1rea da ind\u00fastria e do com\u00e9rcio t\u00eaxtil na Finl\u00e2ndia.  <\/p>\n\n\n\n<p>A mesma fam\u00edlia \u00e9 propriet\u00e1ria da confe\u00e7\u00e3o Black Moda Portugal, localizada no norte de Portugal, em Ponte de Lima, com certifica\u00e7\u00e3o <a href=\"https:\/\/www.oeko-tex.com\/en\/\" target=\"_blank\" rel=\"noreferrer noopener\" aria-label=\" (avautuu uudessa v\u00e4lilehdess\u00e4)\">OEKO-TEX\u00ae<\/a> e especializada em corte e costura de malhas.<\/p>\n\n\n\n<p>A miss\u00e3o conjunta das nossas empresas \u00e9 fornecer aos nossos clientes produ\u00e7\u00f5es respons\u00e1veis \u200b\u200be de alta qualidade e contribuir para uma ind\u00fastria de vestu\u00e1rio mais sustent\u00e1vel e transparente. A nossa atividade empresarial \u00e9 fortemente orientada por um esp\u00edrito familiar e de empreendedorismo.<\/p>\n\n\n\n<p>Atualmente, os nossos clientes s\u00e3o na sua maioria <a href=\"https:\/\/blackmoda.fi\/pt-pt\/referenssit\/\">marcas de vestu\u00e1rio finlandesas<\/a>. Al\u00e9m de pronto-a-vestir, fornecemos artigos de toalharia e felpo, malhas e t\u00eaxteis-lar, fabricados por parceiros de longo prazo e confian\u00e7a, em Portugal e It\u00e1lia.<\/p>\n\n\n\n<p>Como local de trabalho, a Black Moda \u00e9 um local seguro e com esp\u00edrito de equipa e de apoio fortes; como parceiro de neg\u00f3cios, somos um parceiro vi\u00e1vel, uma empresa bem sucedida, que cuida das suas responsabilidades sociais.<\/p>\n\n\n\n<p>As informa\u00e7\u00f5es da Black Moda Oy podem ser revisadas no <a href=\"https:\/\/zeckit.com\/selvitys\/FI\/1034650-7?lang=en#\" target=\"_blank\" rel=\"noreferrer noopener\" aria-label=\" (avautuu uudessa v\u00e4lilehdess\u00e4)\">Reliable Partner<\/a>. Outros n\u00fameros de produ\u00e7\u00e3o s\u00e3o apresentados no nosso relat\u00f3rio de anual sustentabilidade.<br><\/p>\n\n\n\n<div class=\"wp-block-button\"><a class=\"wp-block-button__link\" href=\"https:\/\/blackmoda.fi\/pt-pt\/sustentabilidade\/\">Sustentabilidade<\/a><\/div>\n<\/div>\n<\/div>\n<\/div><\/div>\n\n\n\n<div style=\"height:100px\" aria-hidden=\"true\" class=\"wp-block-spacer\"><\/div>\n\n\n\n<div class=\"wp-block-group alignwide\"><div class=\"wp-block-group__inner-container is-layout-flow wp-block-group-is-layout-flow\">\n<div class=\"wp-block-columns alignwide align-items-center is-layout-flex wp-container-core-columns-is-layout-9d6595d7 wp-block-columns-is-layout-flex\">\n<div class=\"wp-block-column order-md-1 is-layout-flow wp-block-column-is-layout-flow\">\n<div class=\"wp-block-columns is-layout-flex wp-container-core-columns-is-layout-9d6595d7 wp-block-columns-is-layout-flex\">\n<div class=\"wp-block-column is-layout-flow wp-block-column-is-layout-flow\">\n<figure class=\"wp-block-image size-large\"><img loading=\"lazy\" decoding=\"async\" width=\"2560\" height=\"1707\" src=\"https:\/\/blackmoda.fi\/wp-content\/uploads\/2020\/02\/MG_6939-2-2560x1707.jpg\" alt=\"\" class=\"wp-image-378\" srcset=\"https:\/\/blackmoda.fi\/wp-content\/uploads\/2020\/02\/MG_6939-2-2560x1707.jpg 2560w, https:\/\/blackmoda.fi\/wp-content\/uploads\/2020\/02\/MG_6939-2-800x533.jpg 800w, https:\/\/blackmoda.fi\/wp-content\/uploads\/2020\/02\/MG_6939-2-768x512.jpg 768w, https:\/\/blackmoda.fi\/wp-content\/uploads\/2020\/02\/MG_6939-2-1536x1024.jpg 1536w, https:\/\/blackmoda.fi\/wp-content\/uploads\/2020\/02\/MG_6939-2-2048x1365.jpg 2048w, https:\/\/blackmoda.fi\/wp-content\/uploads\/2020\/02\/MG_6939-2-700x467.jpg 700w\" sizes=\"auto, (max-width: 2560px) 100vw, 2560px\" \/><\/figure>\n<\/div>\n<\/div>\n<\/div>\n\n\n\n<div class=\"wp-block-column mr-5 ml-0 is-layout-flow wp-block-column-is-layout-flow\">\n<h2 class=\"wp-block-heading\" id=\"fornecedores\">Todas as etapas de produ\u00e7\u00e3o acontecem ao lado da nossa f\u00e1brica<\/h2>\n\n\n\n<p><\/p>\n\n\n\n<p>A alian\u00e7a forte que temos com os nossos parceiros cria confian\u00e7a, contribui para o desenvolvimento de uma coopera\u00e7\u00e3o a longo prazo e permite uma comunica\u00e7\u00e3o aberta na cadeia de produ\u00e7\u00e3o.<\/p>\n\n\n\n<p>A nossa rede de fornecedores est\u00e1 localizada a 70 km da nossa confe\u00e7\u00e3o. Al\u00e9m da nossa pr\u00f3pria confe\u00e7\u00e3o, os nossos principais parceiros incluem fornecedores de malhas, como a\u00a0<a href=\"https:\/\/armaco.pt\/en\/\" target=\"_blank\" rel=\"noreferrer noopener\">Armaco, Lda<\/a>,\u00a0entre outros<strong>,<\/strong>\u00a0e fornecedores de felpos\u00a0<a href=\"https:\/\/www.somani.pt\/pt\" target=\"_blank\" rel=\"noreferrer noopener\">Somani &#8211; Sociedade T\u00eaxtil SA<\/a>. e\u00a0<a href=\"http:\/\/www.belfama.com\/uk\/\" target=\"_blank\" rel=\"noreferrer noopener\">Belfama, Lda<\/a>. em Portugal.<\/p>\n\n\n\n<p>Os nossos parceiros e fornecedores s\u00e3o selecionados com foco na seguran\u00e7a de fornecimento e produto, responsabilidade social, consist\u00eancia da qualidade, produ\u00e7\u00e3o e materiais certificados e em conformidade com o regulamento <a href=\"https:\/\/ec.europa.eu\/environment\/chemicals\/reach\/reach_en.htm\" target=\"_blank\" rel=\"noreferrer noopener\" aria-label=\" (avautuu uudessa v\u00e4lilehdess\u00e4)\">REACH<\/a>.<\/p>\n\n\n\n<p>Juntamente com os nossos parceiros, fornecemos v\u00e1rios tipos de pronto-a-vestir em malha ou tecido, malhas, roup\u00f5es de banho e toalhas. Selecionamos os nossos materiais com cuidado e o algod\u00e3o org\u00e2nico que usamos \u00e9 certificado pelo <a rel=\"noreferrer noopener\" aria-label=\" (avautuu uudessa v\u00e4lilehdess\u00e4)\" href=\"https:\/\/www.global-standard.org\/\" target=\"_blank\">GOTS<\/a>, garantindo que \u00e9 um algod\u00e3o cultivado organicamente. O algod\u00e3o que usamos nas nossas malhas tamb\u00e9m faz parte do programa <a rel=\"noreferrer noopener\" aria-label=\" (avautuu uudessa v\u00e4lilehdess\u00e4)\" href=\"https:\/\/bettercotton.org\/\" target=\"_blank\">BCI<\/a>. Al\u00e9m do algod\u00e3o org\u00e2nico certificado, usamos outras fibras listadas como fibras mais sustent\u00e1veis, como \u00e9 o caso do <a rel=\"noreferrer noopener\" aria-label=\" (avautuu uudessa v\u00e4lilehdess\u00e4)\" href=\"https:\/\/www.ecovero.com\/\" target=\"_blank\">Ecovero<\/a>, <a rel=\"noreferrer noopener\" aria-label=\" (avautuu uudessa v\u00e4lilehdess\u00e4)\" href=\"https:\/\/www.tencel.com\/refibra\" target=\"_blank\">Refibra<\/a>, lyocel e linhos. Teremos todo o gosto em apresentar a nossa produ\u00e7\u00e3o e todas as possibilidades.<\/p>\n\n\n\n<div class=\"wp-block-button\"><a class=\"wp-block-button__link\" href=\"https:\/\/blackmoda.fi\/pt-pt\/contactos\/\">Contacte-nos<\/a><\/div>\n\n\n\n<p><\/p>\n<\/div>\n<\/div>\n<\/div><\/div>\n\n\n\n<div style=\"height:100px\" aria-hidden=\"true\" class=\"wp-block-spacer\"><\/div>\n\n\n\n<div class=\"wp-block-group alignwide\"><div class=\"wp-block-group__inner-container is-layout-flow wp-block-group-is-layout-flow\">\n<div class=\"wp-block-columns alignwide align-items-center is-layout-flex wp-container-core-columns-is-layout-9d6595d7 wp-block-columns-is-layout-flex\">\n<div class=\"wp-block-column is-layout-flow wp-block-column-is-layout-flow\">\n<div class=\"wp-block-columns is-layout-flex wp-container-core-columns-is-layout-9d6595d7 wp-block-columns-is-layout-flex\">\n<div class=\"wp-block-column is-layout-flow wp-block-column-is-layout-flow\">\n<figure class=\"wp-block-image size-full\"><img loading=\"lazy\" decoding=\"async\" width=\"1184\" height=\"1535\" src=\"https:\/\/blackmoda.fi\/wp-content\/uploads\/2022\/05\/blackmoda_tuotanto_paino.jpg\" alt=\"\" class=\"wp-image-4124\" srcset=\"https:\/\/blackmoda.fi\/wp-content\/uploads\/2022\/05\/blackmoda_tuotanto_paino.jpg 1184w, https:\/\/blackmoda.fi\/wp-content\/uploads\/2022\/05\/blackmoda_tuotanto_paino-617x800.jpg 617w, https:\/\/blackmoda.fi\/wp-content\/uploads\/2022\/05\/blackmoda_tuotanto_paino-768x996.jpg 768w, https:\/\/blackmoda.fi\/wp-content\/uploads\/2022\/05\/blackmoda_tuotanto_paino-540x700.jpg 540w\" sizes=\"auto, (max-width: 1184px) 100vw, 1184px\" \/><\/figure>\n<\/div>\n\n\n\n<div class=\"wp-block-column is-layout-flow wp-block-column-is-layout-flow\">\n<figure class=\"wp-block-image size-large\"><img loading=\"lazy\" decoding=\"async\" width=\"2560\" height=\"2553\" src=\"https:\/\/blackmoda.fi\/wp-content\/uploads\/2020\/02\/tehdas16-2-1-2560x2553.jpg\" alt=\"\" class=\"wp-image-394\" srcset=\"https:\/\/blackmoda.fi\/wp-content\/uploads\/2020\/02\/tehdas16-2-1-2560x2553.jpg 2560w, https:\/\/blackmoda.fi\/wp-content\/uploads\/2020\/02\/tehdas16-2-1-800x798.jpg 800w, https:\/\/blackmoda.fi\/wp-content\/uploads\/2020\/02\/tehdas16-2-1-400x400.jpg 400w, https:\/\/blackmoda.fi\/wp-content\/uploads\/2020\/02\/tehdas16-2-1-768x766.jpg 768w, https:\/\/blackmoda.fi\/wp-content\/uploads\/2020\/02\/tehdas16-2-1-1536x1532.jpg 1536w, https:\/\/blackmoda.fi\/wp-content\/uploads\/2020\/02\/tehdas16-2-1-2048x2043.jpg 2048w, https:\/\/blackmoda.fi\/wp-content\/uploads\/2020\/02\/tehdas16-2-1-700x698.jpg 700w\" sizes=\"auto, (max-width: 2560px) 100vw, 2560px\" \/><\/figure>\n<\/div>\n<\/div>\n<\/div>\n\n\n\n<div class=\"wp-block-column is-layout-flow wp-block-column-is-layout-flow\">\n<h2 class=\"wp-block-heading\" id=\"pessoas-no-centro-de-tudo\">Pessoas no centro de tudo<\/h2>\n\n\n\n<p><\/p>\n\n\n\n<p>Na Black Moda, todos os funcion\u00e1rios s\u00e3o tidos em conta como indiv\u00edduos. O bem-estar dos funcion\u00e1rios \u00e9 um dos nossos valores essenciais. \u00c9 importante, que cada um possa usufruir dos seus talentos, usar as suas experi\u00eancias e habilidades no trabalho di\u00e1rio, para atingir os seus objetivos profissionais.  Na Black Moda consideramos que a responsabilidade financeira \u00e9 um dos primeiros passos para a exist\u00eancia de um local de trabalho seguro e de apoio para a nossa equipa. <\/p>\n\n\n\n<p>Portugal \u00e9 um pa\u00eds da UE que n\u00e3o est\u00e1 classificado como um pa\u00eds de risco. Em Portugal, a vida profissional \u00e9 regulada pelas leis e as autoridades portuguesas aplicam as mesmas. Portugal ratificou os Tratados da Organiza\u00e7\u00e3o Internacional do Trabalho (OIT). De acordo com os princ\u00edpios da OIT, todos os seus Estados Membros t\u00eam o dever de eliminar o trabalho for\u00e7ado, o trabalho infantil e a discrimina\u00e7\u00e3o e garantir liberdade de associa\u00e7\u00e3o. <\/p>\n\n\n\n<p><\/p>\n\n\n\n<div class=\"wp-block-button\"><a class=\"wp-block-button__link\" href=\"https:\/\/blackmoda.fi\/wp-content\/uploads\/2022\/05\/blackmoda-sustainability-report-2021-en-1.pdf\">Relat\u00f3rio de Sustentabilidade 2021 (EN) <\/a><\/div>\n<\/div>\n<\/div>\n<\/div><\/div>\n\n\n\n<p><\/p>\n","protected":false},"excerpt":{"rendered":"<p>Uma empresa familiar com ra\u00edzes n\u00f3rdicas A Black Moda \u00e9 uma empresa familiar bem estabelecida na \u00e1rea da ind\u00fastria e do com\u00e9rcio t\u00eaxtil na Finl\u00e2ndia. A mesma fam\u00edlia \u00e9 propriet\u00e1ria da confe\u00e7\u00e3o Black Moda Portugal, localizada no norte de Portugal, em Ponte de Lima, com certifica\u00e7\u00e3o OEKO-TEX\u00ae e especializada em corte e costura de malhas&#8230;.<\/p>\n","protected":false},"author":1,"featured_media":0,"parent":0,"menu_order":0,"comment_status":"closed","ping_status":"closed","template":"","meta":{"_acf_changed":false,"footnotes":""},"class_list":["post-1791","page","type-page","status-publish","hentry"],"acf":[],"yoast_head":"<!-- This site is optimized with the Yoast SEO plugin v27.3 - https:\/\/yoast.com\/product\/yoast-seo-wordpress\/ -->\n<title>Quem Somos &#8212; Black Moda<\/title>\n<meta name=\"robots\" content=\"index, follow, max-snippet:-1, max-image-preview:large, max-video-preview:-1\" \/>\n<link rel=\"canonical\" href=\"https:\/\/blackmoda.fi\/meista\/\" \/>\n<meta property=\"og:locale\" content=\"pt_PT\" \/>\n<meta property=\"og:type\" content=\"article\" \/>\n<meta property=\"og:title\" content=\"Quem Somos &#8212; Black Moda\" \/>\n<meta property=\"og:description\" content=\"Uma empresa familiar com ra\u00edzes n\u00f3rdicas A Black Moda \u00e9 uma empresa familiar bem estabelecida na \u00e1rea da ind\u00fastria e do com\u00e9rcio t\u00eaxtil na Finl\u00e2ndia. A mesma fam\u00edlia \u00e9 propriet\u00e1ria da confe\u00e7\u00e3o Black Moda Portugal, localizada no norte de Portugal, em Ponte de Lima, com certifica\u00e7\u00e3o OEKO-TEX\u00ae e especializada em corte e costura de malhas....\" \/>\n<meta property=\"og:url\" content=\"https:\/\/blackmoda.fi\/meista\/\" \/>\n<meta property=\"og:site_name\" content=\"Black Moda\" \/>\n<meta property=\"article:modified_time\" content=\"2022-05-19T08:45:09+00:00\" \/>\n<meta property=\"og:image\" content=\"https:\/\/blackmoda.fi\/wp-content\/uploads\/2020\/03\/MG_6677-crop-2560x2554.jpg\" \/>\n<meta name=\"twitter:card\" content=\"summary_large_image\" \/>\n<meta name=\"twitter:label1\" content=\"Est. reading time\" \/>\n\t<meta name=\"twitter:data1\" content=\"5 minutes\" \/>\n<script type=\"application\/ld+json\" class=\"yoast-schema-graph\">{\"@context\":\"https:\\\/\\\/schema.org\",\"@graph\":[{\"@type\":\"WebPage\",\"@id\":\"https:\\\/\\\/blackmoda.fi\\\/meista\\\/\",\"url\":\"https:\\\/\\\/blackmoda.fi\\\/meista\\\/\",\"name\":\"Quem Somos &#8212; Black Moda\",\"isPartOf\":{\"@id\":\"https:\\\/\\\/blackmoda.fi.wwwdev2.kyberjoukot.fi\\\/#website\"},\"primaryImageOfPage\":{\"@id\":\"https:\\\/\\\/blackmoda.fi\\\/meista\\\/#primaryimage\"},\"image\":{\"@id\":\"https:\\\/\\\/blackmoda.fi\\\/meista\\\/#primaryimage\"},\"thumbnailUrl\":\"https:\\\/\\\/blackmoda.fi\\\/wp-content\\\/uploads\\\/2020\\\/03\\\/MG_6677-crop-2560x2554.jpg\",\"datePublished\":\"2020-02-19T13:12:20+00:00\",\"dateModified\":\"2022-05-19T08:45:09+00:00\",\"breadcrumb\":{\"@id\":\"https:\\\/\\\/blackmoda.fi\\\/meista\\\/#breadcrumb\"},\"inLanguage\":\"pt-PT\",\"potentialAction\":[{\"@type\":\"ReadAction\",\"target\":[\"https:\\\/\\\/blackmoda.fi\\\/meista\\\/\"]}]},{\"@type\":\"ImageObject\",\"inLanguage\":\"pt-PT\",\"@id\":\"https:\\\/\\\/blackmoda.fi\\\/meista\\\/#primaryimage\",\"url\":\"https:\\\/\\\/blackmoda.fi\\\/wp-content\\\/uploads\\\/2020\\\/03\\\/MG_6677-crop-2560x2554.jpg\",\"contentUrl\":\"https:\\\/\\\/blackmoda.fi\\\/wp-content\\\/uploads\\\/2020\\\/03\\\/MG_6677-crop-2560x2554.jpg\"},{\"@type\":\"BreadcrumbList\",\"@id\":\"https:\\\/\\\/blackmoda.fi\\\/meista\\\/#breadcrumb\",\"itemListElement\":[{\"@type\":\"ListItem\",\"position\":1,\"name\":\"Home\",\"item\":\"https:\\\/\\\/blackmoda.fi\\\/\"},{\"@type\":\"ListItem\",\"position\":2,\"name\":\"Quem Somos\"}]},{\"@type\":\"WebSite\",\"@id\":\"https:\\\/\\\/blackmoda.fi.wwwdev2.kyberjoukot.fi\\\/#website\",\"url\":\"https:\\\/\\\/blackmoda.fi.wwwdev2.kyberjoukot.fi\\\/\",\"name\":\"Black Moda\",\"description\":\"T\u00eaxteis de alta qualidade feitos em Portugal\",\"potentialAction\":[{\"@type\":\"SearchAction\",\"target\":{\"@type\":\"EntryPoint\",\"urlTemplate\":\"https:\\\/\\\/blackmoda.fi.wwwdev2.kyberjoukot.fi\\\/?s={search_term_string}\"},\"query-input\":{\"@type\":\"PropertyValueSpecification\",\"valueRequired\":true,\"valueName\":\"search_term_string\"}}],\"inLanguage\":\"pt-PT\"}]}<\/script>\n<!-- \/ Yoast SEO plugin. -->","yoast_head_json":{"title":"Quem Somos &#8212; Black Moda","robots":{"index":"index","follow":"follow","max-snippet":"max-snippet:-1","max-image-preview":"max-image-preview:large","max-video-preview":"max-video-preview:-1"},"canonical":"https:\/\/blackmoda.fi\/meista\/","og_locale":"pt_PT","og_type":"article","og_title":"Quem Somos &#8212; Black Moda","og_description":"Uma empresa familiar com ra\u00edzes n\u00f3rdicas A Black Moda \u00e9 uma empresa familiar bem estabelecida na \u00e1rea da ind\u00fastria e do com\u00e9rcio t\u00eaxtil na Finl\u00e2ndia. A mesma fam\u00edlia \u00e9 propriet\u00e1ria da confe\u00e7\u00e3o Black Moda Portugal, localizada no norte de Portugal, em Ponte de Lima, com certifica\u00e7\u00e3o OEKO-TEX\u00ae e especializada em corte e costura de malhas....","og_url":"https:\/\/blackmoda.fi\/meista\/","og_site_name":"Black Moda","article_modified_time":"2022-05-19T08:45:09+00:00","og_image":[{"url":"https:\/\/blackmoda.fi\/wp-content\/uploads\/2020\/03\/MG_6677-crop-2560x2554.jpg","type":"","width":"","height":""}],"twitter_card":"summary_large_image","twitter_misc":{"Est. reading time":"5 minutes"},"schema":{"@context":"https:\/\/schema.org","@graph":[{"@type":"WebPage","@id":"https:\/\/blackmoda.fi\/meista\/","url":"https:\/\/blackmoda.fi\/meista\/","name":"Quem Somos &#8212; Black Moda","isPartOf":{"@id":"https:\/\/blackmoda.fi.wwwdev2.kyberjoukot.fi\/#website"},"primaryImageOfPage":{"@id":"https:\/\/blackmoda.fi\/meista\/#primaryimage"},"image":{"@id":"https:\/\/blackmoda.fi\/meista\/#primaryimage"},"thumbnailUrl":"https:\/\/blackmoda.fi\/wp-content\/uploads\/2020\/03\/MG_6677-crop-2560x2554.jpg","datePublished":"2020-02-19T13:12:20+00:00","dateModified":"2022-05-19T08:45:09+00:00","breadcrumb":{"@id":"https:\/\/blackmoda.fi\/meista\/#breadcrumb"},"inLanguage":"pt-PT","potentialAction":[{"@type":"ReadAction","target":["https:\/\/blackmoda.fi\/meista\/"]}]},{"@type":"ImageObject","inLanguage":"pt-PT","@id":"https:\/\/blackmoda.fi\/meista\/#primaryimage","url":"https:\/\/blackmoda.fi\/wp-content\/uploads\/2020\/03\/MG_6677-crop-2560x2554.jpg","contentUrl":"https:\/\/blackmoda.fi\/wp-content\/uploads\/2020\/03\/MG_6677-crop-2560x2554.jpg"},{"@type":"BreadcrumbList","@id":"https:\/\/blackmoda.fi\/meista\/#breadcrumb","itemListElement":[{"@type":"ListItem","position":1,"name":"Home","item":"https:\/\/blackmoda.fi\/"},{"@type":"ListItem","position":2,"name":"Quem Somos"}]},{"@type":"WebSite","@id":"https:\/\/blackmoda.fi.wwwdev2.kyberjoukot.fi\/#website","url":"https:\/\/blackmoda.fi.wwwdev2.kyberjoukot.fi\/","name":"Black Moda","description":"T\u00eaxteis de alta qualidade feitos em Portugal","potentialAction":[{"@type":"SearchAction","target":{"@type":"EntryPoint","urlTemplate":"https:\/\/blackmoda.fi.wwwdev2.kyberjoukot.fi\/?s={search_term_string}"},"query-input":{"@type":"PropertyValueSpecification","valueRequired":true,"valueName":"search_term_string"}}],"inLanguage":"pt-PT"}]}},"_links":{"self":[{"href":"https:\/\/blackmoda.fi\/pt-pt\/wp-json\/wp\/v2\/pages\/1791","targetHints":{"allow":["GET"]}}],"collection":[{"href":"https:\/\/blackmoda.fi\/pt-pt\/wp-json\/wp\/v2\/pages"}],"about":[{"href":"https:\/\/blackmoda.fi\/pt-pt\/wp-json\/wp\/v2\/types\/page"}],"author":[{"embeddable":true,"href":"https:\/\/blackmoda.fi\/pt-pt\/wp-json\/wp\/v2\/users\/1"}],"replies":[{"embeddable":true,"href":"https:\/\/blackmoda.fi\/pt-pt\/wp-json\/wp\/v2\/comments?post=1791"}],"version-history":[{"count":29,"href":"https:\/\/blackmoda.fi\/pt-pt\/wp-json\/wp\/v2\/pages\/1791\/revisions"}],"predecessor-version":[{"id":4142,"href":"https:\/\/blackmoda.fi\/pt-pt\/wp-json\/wp\/v2\/pages\/1791\/revisions\/4142"}],"wp:attachment":[{"href":"https:\/\/blackmoda.fi\/pt-pt\/wp-json\/wp\/v2\/media?parent=1791"}],"curies":[{"name":"wp","href":"https:\/\/api.w.org\/{rel}","templated":true}]}}