{"id":1814,"date":"2020-03-04T13:54:42","date_gmt":"2020-03-04T11:54:42","guid":{"rendered":"https:\/\/stagingblackmodafi.test.cchosting.fi\/referenssit\/"},"modified":"2025-04-07T12:19:41","modified_gmt":"2025-04-07T09:19:41","slug":"referencias","status":"publish","type":"page","link":"https:\/\/blackmoda.fi\/pt-pt\/referencias\/","title":{"rendered":"Refer\u00eancias"},"content":{"rendered":"\n<div style=\"height:100px\" aria-hidden=\"true\" class=\"wp-block-spacer\"><\/div>\n\n\n\n<div style=\"height:100px\" aria-hidden=\"true\" class=\"wp-block-spacer\"><\/div>\n\n\n\n<div class=\"wp-block-group alignwide\"><div class=\"wp-block-group__inner-container is-layout-flow wp-block-group-is-layout-flow\">\n<div class=\"wp-block-columns alignwide align-items-center is-layout-flex wp-container-core-columns-is-layout-9d6595d7 wp-block-columns-is-layout-flex\">\n<div class=\"wp-block-column order-md-1 is-layout-flow wp-block-column-is-layout-flow\">\n<figure class=\"wp-block-image size-large\"><img loading=\"lazy\" decoding=\"async\" width=\"1600\" height=\"600\" src=\"https:\/\/blackmoda.fi\/wp-content\/uploads\/2020\/03\/NOSH_BM-2.jpg\" alt=\"\" class=\"wp-image-2004\" srcset=\"https:\/\/blackmoda.fi\/wp-content\/uploads\/2020\/03\/NOSH_BM-2.jpg 1600w, https:\/\/blackmoda.fi\/wp-content\/uploads\/2020\/03\/NOSH_BM-2-800x300.jpg 800w, https:\/\/blackmoda.fi\/wp-content\/uploads\/2020\/03\/NOSH_BM-2-768x288.jpg 768w, https:\/\/blackmoda.fi\/wp-content\/uploads\/2020\/03\/NOSH_BM-2-1536x576.jpg 1536w, https:\/\/blackmoda.fi\/wp-content\/uploads\/2020\/03\/NOSH_BM-2-700x263.jpg 700w\" sizes=\"auto, (max-width: 1600px) 100vw, 1600px\" \/><\/figure>\n\n\n\n<p><\/p>\n<\/div>\n\n\n\n<div class=\"wp-block-column mr-5 ml-0 is-layout-flow wp-block-column-is-layout-flow\">\n<h2 class=\"wp-block-heading\">NOSH<\/h2>\n\n\n\n<p><\/p>\n\n\n\n<p>NOSH \u00e9 uma marca de roupa finlandesa cuja roupa \u00e9 um prazer de usar. A linha inclui roupas luxuosamente macias, de alta qualidade, moda de senhora, homem e infantil. O principal ingrediente das roupas da NOSH \u00e9 o algod\u00e3o org\u00e2nico cultivado organicamente e certificado. Todas as nossas pe\u00e7as de vestu\u00e1rio s\u00e3o fabricados com responsabilidade na Europa. <\/p>\n\n\n\n<p>A Nosh Company Oy foi criada em 2009 com o lan\u00e7amento da primeira linha de roupas infantis NOSH. O nosso objetivo era trazer para o mercado roupas alegres para beb\u00e9s, feitas com materiais naturais de alta qualidade. Em 2013, lan\u00e7amos o nosso pr\u00f3prio conceito de convite de roupas NOSH, onde representantes da NOSH levam a loja de roupas a casa do cliente. O sucesso incentivou a expandir nossa oferta de roupas \u00e9ticas e ecol\u00f3gicas. A partir de 2014, adicionamos as roupas NOSH Women \u00e0 nossa linha. Hoje, fornecemos moda infantil, homem e senhora em toda a Finl\u00e2ndia.<\/p>\n\n\n\n<div class=\"wp-block-button\"><a class=\"wp-block-button__link wp-element-button\" href=\"https:\/\/nosh.fi\/\" target=\"_blank\" rel=\"noreferrer noopener\">Nosh<\/a><\/div>\n<\/div>\n<\/div>\n<\/div><\/div>\n\n\n\n<div style=\"height:100px\" aria-hidden=\"true\" class=\"wp-block-spacer\"><\/div>\n\n\n\n<div class=\"wp-block-group alignwide\"><div class=\"wp-block-group__inner-container is-layout-flow wp-block-group-is-layout-flow\">\n<div class=\"wp-block-columns alignwide align-items-center is-layout-flex wp-container-core-columns-is-layout-9d6595d7 wp-block-columns-is-layout-flex\">\n<div class=\"wp-block-column is-layout-flow wp-block-column-is-layout-flow\">\n<figure class=\"wp-block-image size-large\"><img loading=\"lazy\" decoding=\"async\" width=\"1575\" height=\"1050\" src=\"https:\/\/blackmoda.fi\/wp-content\/uploads\/2020\/03\/Kaiko_SS20_K_Rose_yard_dress_8146_L-2.jpg\" alt=\"\" class=\"wp-image-2010\" srcset=\"https:\/\/blackmoda.fi\/wp-content\/uploads\/2020\/03\/Kaiko_SS20_K_Rose_yard_dress_8146_L-2.jpg 1575w, https:\/\/blackmoda.fi\/wp-content\/uploads\/2020\/03\/Kaiko_SS20_K_Rose_yard_dress_8146_L-2-800x533.jpg 800w, https:\/\/blackmoda.fi\/wp-content\/uploads\/2020\/03\/Kaiko_SS20_K_Rose_yard_dress_8146_L-2-768x512.jpg 768w, https:\/\/blackmoda.fi\/wp-content\/uploads\/2020\/03\/Kaiko_SS20_K_Rose_yard_dress_8146_L-2-1536x1024.jpg 1536w, https:\/\/blackmoda.fi\/wp-content\/uploads\/2020\/03\/Kaiko_SS20_K_Rose_yard_dress_8146_L-2-700x467.jpg 700w\" sizes=\"auto, (max-width: 1575px) 100vw, 1575px\" \/><\/figure>\n\n\n\n<p><\/p>\n<\/div>\n\n\n\n<div class=\"wp-block-column is-layout-flow wp-block-column-is-layout-flow\">\n<h2 class=\"wp-block-heading\">Kaiko Clothing<\/h2>\n\n\n\n<p>A Kaiko Clothing \u00e9 uma empresa especializada em roupas infantis e femininas \u00e9ticas, fundada em 2016, quando a fundadora Mirjam Sokka decidiu combinar o seu emprego de sonho de moda com caridade. <\/p>\n\n\n\n<p>Kaiko combina uma paix\u00e3o por roupas bonitas e de alta qualidade e uma miss\u00e3o para melhorar a qualidade de vida de mulheres e crian\u00e7as. A marca direciona 7% dos lucros da venda de roupas para ajudar a educar mulheres e crian\u00e7as nos pa\u00edses em desenvolvimento.<\/p>\n\n\n\n<p>A colabora\u00e7\u00e3o com a Black Moda come\u00e7ou logo ap\u00f3s a funda\u00e7\u00e3o da Kaiko. A Black Moda Portugal fabrica todos os produtos populares de jersey que formam a base das cole\u00e7\u00f5es e definem o &#8220;mood&#8221; para as esta\u00e7\u00f5es do ano.<\/p>\n\n\n\n<p>A parceria entre as nossas empresas tem sido lucrativa desde o in\u00edcio, e a Black Moda apoiou a jornada de Kaiko, permitindo que a marca crescesse. A sede da Black Moda em Pirkkala facilita a comunica\u00e7\u00e3o entre nossa equipa de design em Helsinqu\u00eda e a produ\u00e7\u00e3o em Portugal.<\/p>\n\n\n\n<p>\u00c9 especialmente gratificante visitar a f\u00e1brica da Black Moda em Portugal e conhecer a equipa respons\u00e1vel pela produ\u00e7\u00e3o, o que \u00e9 realmente importante para n\u00f3s.<\/p>\n\n\n\n<div class=\"wp-block-button\"><a class=\"wp-block-button__link wp-element-button\" href=\"https:\/\/kaikoshop.com\/\" target=\"_blank\" rel=\"noreferrer noopener\">Kaiko Clothing<\/a><\/div>\n<\/div>\n<\/div>\n<\/div><\/div>\n\n\n\n<div style=\"height:100px\" aria-hidden=\"true\" class=\"wp-block-spacer\"><\/div>\n\n\n\n<p><\/p>\n\n\n\n<div class=\"wp-block-group alignwide\"><div class=\"wp-block-group__inner-container is-layout-flow wp-block-group-is-layout-flow\">\n<div class=\"wp-block-columns alignwide align-items-center is-layout-flex wp-container-core-columns-is-layout-9d6595d7 wp-block-columns-is-layout-flex\">\n<div class=\"wp-block-column order-md-1 is-layout-flow wp-block-column-is-layout-flow\">\n<figure class=\"wp-block-image size-large\"><img loading=\"lazy\" decoding=\"async\" width=\"2560\" height=\"1707\" src=\"https:\/\/blackmoda.fi\/wp-content\/uploads\/2020\/03\/aarre_woman_flowertile_samara_kimono382-2560x1707.jpg\" alt=\"\" class=\"wp-image-1613\" srcset=\"https:\/\/blackmoda.fi\/wp-content\/uploads\/2020\/03\/aarre_woman_flowertile_samara_kimono382-2560x1707.jpg 2560w, https:\/\/blackmoda.fi\/wp-content\/uploads\/2020\/03\/aarre_woman_flowertile_samara_kimono382-800x533.jpg 800w, https:\/\/blackmoda.fi\/wp-content\/uploads\/2020\/03\/aarre_woman_flowertile_samara_kimono382-768x512.jpg 768w, https:\/\/blackmoda.fi\/wp-content\/uploads\/2020\/03\/aarre_woman_flowertile_samara_kimono382-1536x1024.jpg 1536w, https:\/\/blackmoda.fi\/wp-content\/uploads\/2020\/03\/aarre_woman_flowertile_samara_kimono382-2048x1365.jpg 2048w, https:\/\/blackmoda.fi\/wp-content\/uploads\/2020\/03\/aarre_woman_flowertile_samara_kimono382-700x467.jpg 700w\" sizes=\"auto, (max-width: 2560px) 100vw, 2560px\" \/><\/figure>\n\n\n\n<p><\/p>\n<\/div>\n\n\n\n<div class=\"wp-block-column mr-5 ml-0 is-layout-flow wp-block-column-is-layout-flow\">\n<h2 class=\"wp-block-heading\">Aarrelabel<\/h2>\n\n\n\n<p>&#8220;Aarre <em>&#8211; que significa tesouro &#8211;<\/em> facilita as escolhas quotidianas de roupa, ao criar produtos que resistem ao tempo e ao uso. Planeamos e fabricamos cuidadosamente cada produto, porque o mundo n\u00e3o precisa de mais roupas desnecess\u00e1rias. Os produtos s\u00e3o feitos para quem precisa de clareza neste mundo de mudan\u00e7a e modas r\u00e1pidas.<\/p>\n\n\n\n<p>Apaixonamo-nos pelas nossas roupas todos os dias, valorizamos as pessoas que as fabricam e os materiais que gastamos. A nossa miss\u00e3o \u00e9 tornar o mesmo poss\u00edvel para todos.&#8221;<\/p>\n\n\n\n<p>A hist\u00f3ria de Aarrelabel tomou uma nova dire\u00e7\u00e3o, quando os irm\u00e3os da Black Moda Laura, Marko e Riikka compraram a marca em 2016. Hoje, a Aarrelabel fabrica o seus produtos na Black Moda Portugal e outros fornecedores respons\u00e1veis \u200b\u200bem Portugal e It\u00e1lia.<\/p>\n\n\n\n<div class=\"wp-block-button\"><a class=\"wp-block-button__link wp-element-button\" href=\"https:\/\/aarrelabel.com\/en\" target=\"_blank\" rel=\"noreferrer noopener\">Aarrelabel<\/a><\/div>\n<\/div>\n<\/div>\n<\/div><\/div>\n\n\n\n<div style=\"height:100px\" aria-hidden=\"true\" class=\"wp-block-spacer\"><\/div>\n\n\n\n<div class=\"wp-block-group alignwide\"><div class=\"wp-block-group__inner-container is-layout-flow wp-block-group-is-layout-flow\">\n<div class=\"wp-block-columns alignwide align-items-center is-layout-flex wp-container-core-columns-is-layout-9d6595d7 wp-block-columns-is-layout-flex\">\n<div class=\"wp-block-column is-layout-flow wp-block-column-is-layout-flow\">\n<figure class=\"wp-block-image size-large\"><img loading=\"lazy\" decoding=\"async\" width=\"1887\" height=\"1258\" src=\"https:\/\/blackmoda.fi\/wp-content\/uploads\/2020\/03\/riva_clothing-crop.jpg\" alt=\"\" class=\"wp-image-1620\" srcset=\"https:\/\/blackmoda.fi\/wp-content\/uploads\/2020\/03\/riva_clothing-crop.jpg 1887w, https:\/\/blackmoda.fi\/wp-content\/uploads\/2020\/03\/riva_clothing-crop-800x533.jpg 800w, https:\/\/blackmoda.fi\/wp-content\/uploads\/2020\/03\/riva_clothing-crop-768x512.jpg 768w, https:\/\/blackmoda.fi\/wp-content\/uploads\/2020\/03\/riva_clothing-crop-1536x1024.jpg 1536w, https:\/\/blackmoda.fi\/wp-content\/uploads\/2020\/03\/riva_clothing-crop-700x467.jpg 700w\" sizes=\"auto, (max-width: 1887px) 100vw, 1887px\" \/><\/figure>\n\n\n\n<p><\/p>\n<\/div>\n\n\n\n<div class=\"wp-block-column is-layout-flow wp-block-column-is-layout-flow\">\n<h2 class=\"wp-block-heading\">Riva Clothing<\/h2>\n\n\n\n<p>&#8220;Compre menos, use mais&#8221;.<\/p>\n\n\n\n<p>Queremos inspirar os finlandeses a comprar menos e a usarem mais as roupas que compram. Os nossos produtos s\u00e3o desenhados na Finl\u00e2ndia com materiais que duram o tempo e uso. Queremos criar roupas minimalistas e funcionais que trazem felicidade duradoura para os nossos consumidores.<\/p>\n\n\n\n<p>Os nossos produtos s\u00e3o fabricados na f\u00e1brica da Black Moda em Portugal. Achamos que a colabora\u00e7\u00e3o tem sido muito boa: ainda temos muito a aprender como novos empres\u00e1rios nesta \u00e1rea e o maravilhosos pessoal da Black Moda t\u00eam nos ajudado muito. Viramos com sucesso uma nova p\u00e1gina na nossa empresa, quando come\u00e7amos a parceria com a Black Moda.<\/p>\n\n\n\n<div class=\"wp-block-button\"><a class=\"wp-block-button__link wp-element-button\" href=\"https:\/\/www.rivaclothing.com\/\" target=\"_blank\" rel=\"noreferrer noopener\">RIVA Clothing<\/a><\/div>\n<\/div>\n<\/div>\n<\/div><\/div>\n\n\n\n<div style=\"height:100px\" aria-hidden=\"true\" class=\"wp-block-spacer\"><\/div>\n\n\n\n<div class=\"wp-block-group alignwide\"><div class=\"wp-block-group__inner-container is-layout-flow wp-block-group-is-layout-flow\">\n<div class=\"wp-block-columns alignwide align-items-center is-layout-flex wp-container-core-columns-is-layout-9d6595d7 wp-block-columns-is-layout-flex\">\n<div class=\"wp-block-column order-md-1 is-layout-flow wp-block-column-is-layout-flow\">\n<figure class=\"wp-block-image size-large\"><img loading=\"lazy\" decoding=\"async\" width=\"1000\" height=\"667\" src=\"https:\/\/blackmoda.fi\/wp-content\/uploads\/2020\/03\/puuvillatehdas_kurkuma_monica_neule_takki_18_pieni.jpg\" alt=\"\" class=\"wp-image-1616\" srcset=\"https:\/\/blackmoda.fi\/wp-content\/uploads\/2020\/03\/puuvillatehdas_kurkuma_monica_neule_takki_18_pieni.jpg 1000w, https:\/\/blackmoda.fi\/wp-content\/uploads\/2020\/03\/puuvillatehdas_kurkuma_monica_neule_takki_18_pieni-800x534.jpg 800w, https:\/\/blackmoda.fi\/wp-content\/uploads\/2020\/03\/puuvillatehdas_kurkuma_monica_neule_takki_18_pieni-768x512.jpg 768w, https:\/\/blackmoda.fi\/wp-content\/uploads\/2020\/03\/puuvillatehdas_kurkuma_monica_neule_takki_18_pieni-700x467.jpg 700w\" sizes=\"auto, (max-width: 1000px) 100vw, 1000px\" \/><\/figure>\n\n\n\n<p><\/p>\n<\/div>\n\n\n\n<div class=\"wp-block-column mr-5 ml-0 is-layout-flow wp-block-column-is-layout-flow\">\n<h2 class=\"wp-block-heading\">Puuvillatehdas<\/h2>\n\n\n\n<p>O sonho do nosso av\u00f4 era montar uma &#8220;f\u00e1brica de trapos&#8221;. Uma pequena sala de costura foi colocada no andar de baixo da casa. Ele desenhou a figura de uma camisola no tecido, cortou-a e costurou. E guardou-a como se fosse um tesouro.<\/p>\n\n\n\n<p>Somos a Puuvillatehdas (a F\u00e1brica de Algod\u00e3o), uma marca finlandesa de roupas e t\u00eaxteis-lar com a promessa de criar moda atemporal e \u00e9tica.<\/p>\n\n\n\n<p>A ideia por de tr\u00e1s da nossa marca \u00e9 sermos &#8220;collection free&#8221;, ou seja, o vestu\u00e1rio \u00e9 produzido conforme as necessidades do momento e fabricamos produtos \u00e0 medida que nossa marca evolui. Esta filosofia economiza recursos na produ\u00e7\u00e3o. Tamb\u00e9m nos esfor\u00e7amos para mantermos pre\u00e7os razo\u00e1veis, para que a marca esteja \u00e0 disponibildade de todos.<\/p>\n\n\n\n<p>A Puuvillatehdas \u00e9 uma marca da Black Moda Oy.<\/p>\n<\/div>\n<\/div>\n<\/div><\/div>\n\n\n\n<div style=\"height:100px\" aria-hidden=\"true\" class=\"wp-block-spacer\"><\/div>\n\n\n\n<div class=\"wp-block-group alignwide\"><div class=\"wp-block-group__inner-container is-layout-flow wp-block-group-is-layout-flow\">\n<div class=\"wp-block-columns alignwide align-items-center is-layout-flex wp-container-core-columns-is-layout-9d6595d7 wp-block-columns-is-layout-flex\">\n<div class=\"wp-block-column is-layout-flow wp-block-column-is-layout-flow\">\n<figure class=\"wp-block-image size-large\"><img loading=\"lazy\" decoding=\"async\" width=\"2237\" height=\"1491\" src=\"https:\/\/blackmoda.fi\/wp-content\/uploads\/2020\/03\/RATIA.jpg\" alt=\"\" class=\"wp-image-1626\" srcset=\"https:\/\/blackmoda.fi\/wp-content\/uploads\/2020\/03\/RATIA.jpg 2237w, https:\/\/blackmoda.fi\/wp-content\/uploads\/2020\/03\/RATIA-800x533.jpg 800w, https:\/\/blackmoda.fi\/wp-content\/uploads\/2020\/03\/RATIA-768x512.jpg 768w, https:\/\/blackmoda.fi\/wp-content\/uploads\/2020\/03\/RATIA-1536x1024.jpg 1536w, https:\/\/blackmoda.fi\/wp-content\/uploads\/2020\/03\/RATIA-2048x1365.jpg 2048w, https:\/\/blackmoda.fi\/wp-content\/uploads\/2020\/03\/RATIA-700x467.jpg 700w\" sizes=\"auto, (max-width: 2237px) 100vw, 2237px\" \/><\/figure>\n\n\n\n<p><\/p>\n<\/div>\n\n\n\n<div class=\"wp-block-column is-layout-flow wp-block-column-is-layout-flow\">\n<h2 class=\"wp-block-heading\">RATIA<\/h2>\n\n\n\n<p><\/p>\n\n\n\n<p>&#8220;RATIA simboliza design de mente aberta e atemporal, luxo quotidiano funcional, desenhado para criar um ambiente bonito para as pessoas viverem bem.&#8221;<\/p>\n\n\n\n<p>A coopera\u00e7\u00e3o da Black Moda Oy com a Ristomatti Ratia come\u00e7ou no final dos anos 90 e foi um dos primeiros parceiros da RATIA. Desde ent\u00e3o, a Black Moda Oy \u00e9 respons\u00e1vel pela comercializa\u00e7\u00e3o e produ\u00e7\u00e3o dos produtos t\u00eaxteis RATIA. A coopera\u00e7\u00e3o duradoura e frut\u00edfera resultou em produtos reconhec\u00edveis e populares, como roupas cl\u00e1ssicas, produtos de felpo, artigos de decora\u00e7\u00e3o e acess\u00f3rios.<\/p>\n\n\n\n<div class=\"wp-block-button\"><a class=\"wp-block-button__link wp-element-button\" href=\"https:\/\/www.ratia.com\/\" target=\"_blank\" rel=\"noreferrer noopener\">RATIA<\/a><\/div>\n<\/div>\n<\/div>\n\n\n\n<div style=\"height:100px\" aria-hidden=\"true\" class=\"wp-block-spacer\"><\/div>\n<\/div><\/div>\n\n\n\n<div class=\"wp-block-group alignwide\"><div class=\"wp-block-group__inner-container is-layout-flow wp-block-group-is-layout-flow\">\n<div class=\"wp-block-columns alignwide align-items-center is-layout-flex wp-container-core-columns-is-layout-9d6595d7 wp-block-columns-is-layout-flex\">\n<div class=\"wp-block-column order-md-1 is-layout-flow wp-block-column-is-layout-flow\">\n<figure class=\"wp-block-image size-large\"><img loading=\"lazy\" decoding=\"async\" width=\"2560\" height=\"972\" src=\"https:\/\/blackmoda.fi\/wp-content\/uploads\/2020\/03\/uhana_logo-2-2560x972.png\" alt=\"\" class=\"wp-image-2289\" srcset=\"https:\/\/blackmoda.fi\/wp-content\/uploads\/2020\/03\/uhana_logo-2-2560x972.png 2560w, https:\/\/blackmoda.fi\/wp-content\/uploads\/2020\/03\/uhana_logo-2-800x304.png 800w, https:\/\/blackmoda.fi\/wp-content\/uploads\/2020\/03\/uhana_logo-2-768x292.png 768w, https:\/\/blackmoda.fi\/wp-content\/uploads\/2020\/03\/uhana_logo-2-1536x583.png 1536w, https:\/\/blackmoda.fi\/wp-content\/uploads\/2020\/03\/uhana_logo-2-2048x778.png 2048w, https:\/\/blackmoda.fi\/wp-content\/uploads\/2020\/03\/uhana_logo-2-700x266.png 700w\" sizes=\"auto, (max-width: 2560px) 100vw, 2560px\" \/><\/figure>\n\n\n\n<p><\/p>\n<\/div>\n\n\n\n<div class=\"wp-block-column mr-5 ml-0 is-layout-flow wp-block-column-is-layout-flow\">\n<h2 class=\"wp-block-heading\">UHANA<\/h2>\n\n\n\n<p>A Uhana nasceu da vontade de criar roupa que assenta bem e \u00e9 est\u00e9tico.<\/p>\n\n\n\n<p>A parceria do duo de designers Mira Vanttajan e Hanna Virkam\u00e4ki cresceu e tornou-se numa comunidade e uma empresa, que defende os direitos de igualdade, de justi\u00e7a, sustentabilidade, coragem e beleza.<\/p>\n\n\n\n<p>A coopera\u00e7\u00e3o com a Black Moda teve in\u00edcio em 2016 com camisolas e casacos feitos em malhas de estamparia digital. A marca escolheu a Black Moda porque s\u00e3o uma empresa finlandesa com uma atividade produtiva transparente.  Os artigos produzidos pela Black Moda s\u00e3o dos que melhor vendem nas cole\u00e7\u00f5es e s\u00e3o esperados pelos nossos consumidores.<\/p>\n\n\n\n<div class=\"wp-block-button\"><a class=\"wp-block-button__link wp-element-button\" href=\"https:\/\/www.uhanadesign.com\/en\/\" target=\"_blank\" rel=\"noreferrer noopener\">UHANA<\/a><\/div>\n<\/div>\n<\/div>\n<\/div><\/div>\n\n\n\n<div class=\"wp-block-group alignwide\"><div class=\"wp-block-group__inner-container is-layout-flow wp-block-group-is-layout-flow\"><\/div><\/div>\n\n\n\n<p><\/p>\n","protected":false},"excerpt":{"rendered":"<p>NOSH NOSH \u00e9 uma marca de roupa finlandesa cuja roupa \u00e9 um prazer de usar. A linha inclui roupas luxuosamente macias, de alta qualidade, moda de senhora, homem e infantil. O principal ingrediente das roupas da NOSH \u00e9 o algod\u00e3o org\u00e2nico cultivado organicamente e certificado. Todas as nossas pe\u00e7as de vestu\u00e1rio s\u00e3o fabricados com responsabilidade&#8230;<\/p>\n","protected":false},"author":1,"featured_media":0,"parent":0,"menu_order":0,"comment_status":"closed","ping_status":"closed","template":"","meta":{"_acf_changed":false,"footnotes":""},"class_list":["post-1814","page","type-page","status-publish","hentry"],"acf":[],"yoast_head":"<!-- This site is optimized with the Yoast SEO plugin v27.3 - https:\/\/yoast.com\/product\/yoast-seo-wordpress\/ -->\n<title>Refer\u00eancias &#8212; Black Moda<\/title>\n<meta name=\"robots\" content=\"index, follow, max-snippet:-1, max-image-preview:large, max-video-preview:-1\" \/>\n<link rel=\"canonical\" href=\"https:\/\/blackmoda.fi\/referenssit\/\" \/>\n<meta property=\"og:locale\" content=\"pt_PT\" \/>\n<meta property=\"og:type\" content=\"article\" \/>\n<meta property=\"og:title\" content=\"Refer\u00eancias &#8212; Black Moda\" \/>\n<meta property=\"og:description\" content=\"NOSH NOSH \u00e9 uma marca de roupa finlandesa cuja roupa \u00e9 um prazer de usar. A linha inclui roupas luxuosamente macias, de alta qualidade, moda de senhora, homem e infantil. O principal ingrediente das roupas da NOSH \u00e9 o algod\u00e3o org\u00e2nico cultivado organicamente e certificado. Todas as nossas pe\u00e7as de vestu\u00e1rio s\u00e3o fabricados com responsabilidade...\" \/>\n<meta property=\"og:url\" content=\"https:\/\/blackmoda.fi\/referenssit\/\" \/>\n<meta property=\"og:site_name\" content=\"Black Moda\" \/>\n<meta property=\"article:modified_time\" content=\"2025-04-07T09:19:41+00:00\" \/>\n<meta property=\"og:image\" content=\"https:\/\/blackmoda.fi\/wp-content\/uploads\/2020\/03\/NOSH_BM-2.jpg\" \/>\n<meta name=\"twitter:card\" content=\"summary_large_image\" \/>\n<meta name=\"twitter:label1\" content=\"Est. reading time\" \/>\n\t<meta name=\"twitter:data1\" content=\"7 minutes\" \/>\n<script type=\"application\/ld+json\" class=\"yoast-schema-graph\">{\"@context\":\"https:\\\/\\\/schema.org\",\"@graph\":[{\"@type\":\"WebPage\",\"@id\":\"https:\\\/\\\/blackmoda.fi\\\/referenssit\\\/\",\"url\":\"https:\\\/\\\/blackmoda.fi\\\/referenssit\\\/\",\"name\":\"Refer\u00eancias &#8212; Black Moda\",\"isPartOf\":{\"@id\":\"https:\\\/\\\/blackmoda.fi.wwwdev2.kyberjoukot.fi\\\/#website\"},\"primaryImageOfPage\":{\"@id\":\"https:\\\/\\\/blackmoda.fi\\\/referenssit\\\/#primaryimage\"},\"image\":{\"@id\":\"https:\\\/\\\/blackmoda.fi\\\/referenssit\\\/#primaryimage\"},\"thumbnailUrl\":\"https:\\\/\\\/blackmoda.fi\\\/wp-content\\\/uploads\\\/2020\\\/03\\\/NOSH_BM-2.jpg\",\"datePublished\":\"2020-03-04T11:54:42+00:00\",\"dateModified\":\"2025-04-07T09:19:41+00:00\",\"breadcrumb\":{\"@id\":\"https:\\\/\\\/blackmoda.fi\\\/referenssit\\\/#breadcrumb\"},\"inLanguage\":\"pt-PT\",\"potentialAction\":[{\"@type\":\"ReadAction\",\"target\":[\"https:\\\/\\\/blackmoda.fi\\\/referenssit\\\/\"]}]},{\"@type\":\"ImageObject\",\"inLanguage\":\"pt-PT\",\"@id\":\"https:\\\/\\\/blackmoda.fi\\\/referenssit\\\/#primaryimage\",\"url\":\"https:\\\/\\\/blackmoda.fi\\\/wp-content\\\/uploads\\\/2020\\\/03\\\/NOSH_BM-2.jpg\",\"contentUrl\":\"https:\\\/\\\/blackmoda.fi\\\/wp-content\\\/uploads\\\/2020\\\/03\\\/NOSH_BM-2.jpg\"},{\"@type\":\"BreadcrumbList\",\"@id\":\"https:\\\/\\\/blackmoda.fi\\\/referenssit\\\/#breadcrumb\",\"itemListElement\":[{\"@type\":\"ListItem\",\"position\":1,\"name\":\"Home\",\"item\":\"https:\\\/\\\/blackmoda.fi\\\/\"},{\"@type\":\"ListItem\",\"position\":2,\"name\":\"Refer\u00eancias\"}]},{\"@type\":\"WebSite\",\"@id\":\"https:\\\/\\\/blackmoda.fi.wwwdev2.kyberjoukot.fi\\\/#website\",\"url\":\"https:\\\/\\\/blackmoda.fi.wwwdev2.kyberjoukot.fi\\\/\",\"name\":\"Black Moda\",\"description\":\"T\u00eaxteis de alta qualidade feitos em Portugal\",\"potentialAction\":[{\"@type\":\"SearchAction\",\"target\":{\"@type\":\"EntryPoint\",\"urlTemplate\":\"https:\\\/\\\/blackmoda.fi.wwwdev2.kyberjoukot.fi\\\/?s={search_term_string}\"},\"query-input\":{\"@type\":\"PropertyValueSpecification\",\"valueRequired\":true,\"valueName\":\"search_term_string\"}}],\"inLanguage\":\"pt-PT\"}]}<\/script>\n<!-- \/ Yoast SEO plugin. -->","yoast_head_json":{"title":"Refer\u00eancias &#8212; Black Moda","robots":{"index":"index","follow":"follow","max-snippet":"max-snippet:-1","max-image-preview":"max-image-preview:large","max-video-preview":"max-video-preview:-1"},"canonical":"https:\/\/blackmoda.fi\/referenssit\/","og_locale":"pt_PT","og_type":"article","og_title":"Refer\u00eancias &#8212; Black Moda","og_description":"NOSH NOSH \u00e9 uma marca de roupa finlandesa cuja roupa \u00e9 um prazer de usar. A linha inclui roupas luxuosamente macias, de alta qualidade, moda de senhora, homem e infantil. O principal ingrediente das roupas da NOSH \u00e9 o algod\u00e3o org\u00e2nico cultivado organicamente e certificado. Todas as nossas pe\u00e7as de vestu\u00e1rio s\u00e3o fabricados com responsabilidade...","og_url":"https:\/\/blackmoda.fi\/referenssit\/","og_site_name":"Black Moda","article_modified_time":"2025-04-07T09:19:41+00:00","og_image":[{"url":"https:\/\/blackmoda.fi\/wp-content\/uploads\/2020\/03\/NOSH_BM-2.jpg","type":"","width":"","height":""}],"twitter_card":"summary_large_image","twitter_misc":{"Est. reading time":"7 minutes"},"schema":{"@context":"https:\/\/schema.org","@graph":[{"@type":"WebPage","@id":"https:\/\/blackmoda.fi\/referenssit\/","url":"https:\/\/blackmoda.fi\/referenssit\/","name":"Refer\u00eancias &#8212; Black Moda","isPartOf":{"@id":"https:\/\/blackmoda.fi.wwwdev2.kyberjoukot.fi\/#website"},"primaryImageOfPage":{"@id":"https:\/\/blackmoda.fi\/referenssit\/#primaryimage"},"image":{"@id":"https:\/\/blackmoda.fi\/referenssit\/#primaryimage"},"thumbnailUrl":"https:\/\/blackmoda.fi\/wp-content\/uploads\/2020\/03\/NOSH_BM-2.jpg","datePublished":"2020-03-04T11:54:42+00:00","dateModified":"2025-04-07T09:19:41+00:00","breadcrumb":{"@id":"https:\/\/blackmoda.fi\/referenssit\/#breadcrumb"},"inLanguage":"pt-PT","potentialAction":[{"@type":"ReadAction","target":["https:\/\/blackmoda.fi\/referenssit\/"]}]},{"@type":"ImageObject","inLanguage":"pt-PT","@id":"https:\/\/blackmoda.fi\/referenssit\/#primaryimage","url":"https:\/\/blackmoda.fi\/wp-content\/uploads\/2020\/03\/NOSH_BM-2.jpg","contentUrl":"https:\/\/blackmoda.fi\/wp-content\/uploads\/2020\/03\/NOSH_BM-2.jpg"},{"@type":"BreadcrumbList","@id":"https:\/\/blackmoda.fi\/referenssit\/#breadcrumb","itemListElement":[{"@type":"ListItem","position":1,"name":"Home","item":"https:\/\/blackmoda.fi\/"},{"@type":"ListItem","position":2,"name":"Refer\u00eancias"}]},{"@type":"WebSite","@id":"https:\/\/blackmoda.fi.wwwdev2.kyberjoukot.fi\/#website","url":"https:\/\/blackmoda.fi.wwwdev2.kyberjoukot.fi\/","name":"Black Moda","description":"T\u00eaxteis de alta qualidade feitos em Portugal","potentialAction":[{"@type":"SearchAction","target":{"@type":"EntryPoint","urlTemplate":"https:\/\/blackmoda.fi.wwwdev2.kyberjoukot.fi\/?s={search_term_string}"},"query-input":{"@type":"PropertyValueSpecification","valueRequired":true,"valueName":"search_term_string"}}],"inLanguage":"pt-PT"}]}},"_links":{"self":[{"href":"https:\/\/blackmoda.fi\/pt-pt\/wp-json\/wp\/v2\/pages\/1814","targetHints":{"allow":["GET"]}}],"collection":[{"href":"https:\/\/blackmoda.fi\/pt-pt\/wp-json\/wp\/v2\/pages"}],"about":[{"href":"https:\/\/blackmoda.fi\/pt-pt\/wp-json\/wp\/v2\/types\/page"}],"author":[{"embeddable":true,"href":"https:\/\/blackmoda.fi\/pt-pt\/wp-json\/wp\/v2\/users\/1"}],"replies":[{"embeddable":true,"href":"https:\/\/blackmoda.fi\/pt-pt\/wp-json\/wp\/v2\/comments?post=1814"}],"version-history":[{"count":25,"href":"https:\/\/blackmoda.fi\/pt-pt\/wp-json\/wp\/v2\/pages\/1814\/revisions"}],"predecessor-version":[{"id":4914,"href":"https:\/\/blackmoda.fi\/pt-pt\/wp-json\/wp\/v2\/pages\/1814\/revisions\/4914"}],"wp:attachment":[{"href":"https:\/\/blackmoda.fi\/pt-pt\/wp-json\/wp\/v2\/media?parent=1814"}],"curies":[{"name":"wp","href":"https:\/\/api.w.org\/{rel}","templated":true}]}}