{"id":2899,"date":"2020-10-28T15:16:50","date_gmt":"2020-10-28T13:16:50","guid":{"rendered":"https:\/\/blackmoda.fi\/?page_id=2899"},"modified":"2022-11-25T11:00:22","modified_gmt":"2022-11-25T09:00:22","slug":"declaracao-de-privacidade","status":"publish","type":"page","link":"https:\/\/blackmoda.fi\/pt-pt\/declaracao-de-privacidade\/","title":{"rendered":"Declara\u00e7\u00e3o de privacidade"},"content":{"rendered":"\n<p>Regulamento geral de prote\u00e7\u00e3o de dados (UE) 2016\/679<br>Artigo 12-14 POL\u00cdTICA DE PROTE\u00c7\u00c3O DE DADOS 28\/10\/2020<\/p>\n\n\n\n<p><strong>1. O controlador<\/strong><br>Black Moda Oy, Business ID1034650-7<br>Haikanvuori 5 c 1, 33960 PIRKKALA<br>posti (@) blackmoda.fi<\/p>\n\n\n\n<p><strong>2. Pessoa de contato, controlador do registo<\/strong><br>Marko Keski-V\u00e4h\u00e4l\u00e4, Black Moda Oy<br>Haikanvuori 5 c 1, 33960 PIRKKALA<br>posti (@) blackmoda.fi<\/p>\n\n\n\n<p><strong>3. Nome do registo<\/strong><br>Registo pessoal do formul\u00e1rio de contato do Black Moda Oy<\/p>\n\n\n\n<p><strong>4. Objetivo do processamento de dados pessoais<\/strong><br>Os dados pessoais s\u00e3o processados \u200b\u200bpara gerir as rela\u00e7\u00f5es com os clientes da Black Moda Oy.<\/p>\n\n\n\n<p>O processamento de dados pessoais \u00e9 baseado na Lei de Dados Pessoais:<\/p>\n\n\n\n<p>\u2022 8 \u00a7 cl\u00e1usula 1, sec\u00e7\u00f5es 5 e 7 (gest\u00e3o das rela\u00e7\u00f5es com clientes e partes interessadas)<\/p>\n\n\n\n<p>\u2022 19 \u00a7 (marketing direto e transmiss\u00f5es paralelas)<\/p>\n\n\n\n<p>O processamento de dados pessoais n\u00e3o \u00e9 feito por terceiros.<\/p>\n\n\n\n<p><strong>5. Conte\u00fado dos dados do registo<\/strong><br>As seguintes informa\u00e7\u00f5es s\u00e3o armazenadas sobre a pessoa registada:<\/p>\n\n\n\n<p>\u2022 Nome de usu\u00e1rio, nome da empresa, n\u00famero de telefone e endere\u00e7o de e-mail.<\/p>\n\n\n\n<p><strong>6. Fontes regulares de informa\u00e7\u00e3o<\/strong><br>As informa\u00e7\u00f5es a serem armazenadas no registo prov\u00eam do pr\u00f3prio titular dos dados.<\/p>\n\n\n\n<p><strong>7. A transfer\u00eancia de dados<\/strong><br>Os dados pessoais n\u00e3o ser\u00e3o cedidos a terceiros, exceto \u00e0s autoridades.<\/p>\n\n\n\n<p><strong>8. Transfer\u00eancia de dados fora da UE ou EEE<\/strong><br>As informa\u00e7\u00f5es contidas no registo n\u00e3o ser\u00e3o transmitidas para fora da UE ou EEE. No entanto, no nosso site usamos tecnologias de outros prestadores de servi\u00e7os estrangeiros e os dados coleccionados pelos poss\u00edveis cookies desses prestadores de servi\u00e7os s\u00e3o transferidos e armazenados nos servidores dos prestadores de servi\u00e7os, alguns dos quais podem estar localizados fora da UE. Estes incluem: Google Analytics.<\/p>\n\n\n\n<p><strong>9. Princ\u00edpios de seguran\u00e7a do registo<\/strong><\/p>\n\n\n\n<p><strong>Material manual:<\/strong> Nenhuma impress\u00e3o em papel \u00e9 mantida do registo.<\/p>\n\n\n\n<p><strong>Dados processados \u200b\u200bpor computador:<\/strong> A prote\u00e7\u00e3o t\u00e9cnica do registo contra viola\u00e7\u00f5es de dados e outras viola\u00e7\u00f5es foi confiada a um provedor de servi\u00e7os profissional. Cada m\u00e1quina e servidor possui um software de seguran\u00e7a. A rede \u00e9 protegida por um firewall.<\/p>\n\n\n\n<p>Dentro da nossa organiza\u00e7\u00e3o temos apenas determinados indiv\u00edduos especificamente nomeados que t\u00eam o direito de aceder o registo. O acesso ao registo requer um nome de usu\u00e1rio e palavra-passe. Os usu\u00e1rios est\u00e3o sujeitos ao sigilo profissional.<\/p>\n\n\n\n<p><strong>10. Direito de inspe\u00e7\u00e3o<\/strong><br>Todos t\u00eam o direito de rever as suas informa\u00e7\u00f5es armazenadas nos registos pessoais do formul\u00e1rio de contato da Black Moda Oy. A solicita\u00e7\u00e3o de inspe\u00e7\u00e3o deve ser apresentada em documento assinado, ou equivalente. A solicita\u00e7\u00e3o de inspe\u00e7\u00e3o n\u00e3o pode ser feita por telefone.<\/p>\n\n\n\n<p>O controlador tem o direito de verificar se a pessoa que inspeciona os dados verifica somente as suas pr\u00f3prias informa\u00e7\u00f5es pessoais. As informa\u00e7\u00f5es devem ser fornecidas sem atrasos indevidos, de forma compreens\u00edvel e mediante o pedido por escrito. O direito de inspe\u00e7\u00e3o \u00e9 gratuito uma vez por ano. Os pedidos de inspe\u00e7\u00e3o devem ser apresentados ao administrador de registro mencionado na sec\u00e7\u00e3o 2.<\/p>\n\n\n\n<p><strong>11. Direito de solicitar retifica\u00e7\u00e3o<\/strong><br>Uma pessoa registada pode enviar um pedido de retifica\u00e7\u00e3o ao controlador em rela\u00e7\u00e3o a qualquer informa\u00e7\u00e3o incorreta, que deve indicar, por exemplo:<\/p>\n\n\n\n<p>&#8211; onde se encontra a informa\u00e7\u00e3o no registo ou a que dizem respeito os dados<\/p>\n\n\n\n<p>&#8211; quais os dados que precisam de ser retificados<\/p>\n\n\n\n<p>&#8211; se os dados devem ser completamente removidos, a retifica\u00e7\u00e3o dos dados \u00e9 de outra forma imprecisa ou se na opini\u00e3o do titular os dados armazenados devem ser complementados<\/p>\n\n\n\n<p>&#8211; se uma corre\u00e7\u00e3o for necess\u00e1ria para dados incorretos, um texto substituto literal deve ser fornecido<\/p>\n\n\n\n<p>&#8211; o requisito deve declarar por que \u00e9 que a informa\u00e7\u00e3o est\u00e1 incorreta<\/p>\n\n\n\n<p>&#8211; quando um documento pode ser usado para indicar as informa\u00e7\u00f5es fornecidas no pedido de corre\u00e7\u00e3o, tal documento deve ser anexado ao pedido<\/p>\n\n\n\n<p>A solicita\u00e7\u00e3o de rectificac\u00e3o deve ser apresentada em documento assinado, ou equivalente. A solicita\u00e7\u00e3o de inspe\u00e7\u00e3o n\u00e3o pode ser feita por telefone.<\/p>\n\n\n\n<p><strong>12. Outros direitos relacionados ao processamento de dados pessoais<\/strong><br>De acordo com a Sce\u00e7\u00e3o 30 da Lei de Dados Pessoais, o titular dos dados tem o direito de proibir o controlador de processar seus dados relativos a comunica\u00e7\u00f5es diretas, vendas \u00e0 dist\u00e2ncia ou marketing direto, bem como pesquisas de mercado e de opini\u00e3o (\u00a7 30 HetiL).<\/p>\n\n\n\n<p><strong>Uso de cookies no site Blak Moda Oy<\/strong><br>O site usa cookies para garantir que o servi\u00e7o \u00e9 seguro, eficiente e amig\u00e1vel.<\/p>\n\n\n\n<p>Utilizamos no nosso website os dados recolhidos por prestadores de servi\u00e7os estrangeiros (Google Analytics) e os seus poss\u00edveis cookies, transferidos e armazenados nos servidores dos prestadores de servi\u00e7os, alguns dos quais podem estar localizados fora da UE.<\/p>\n\n\n\n<p>Um cookie \u00e9 um pequeno arquivo de texto ilimitado que pode ser enviado e armazenado no computador de um usu\u00e1rio. Os cookies n\u00e3o prejudicam os computadores ou arquivos dos usu\u00e1rios. Os cookies podem ser desativados. A exclus\u00e3o \u00e9 feita atrav\u00e9s das configura\u00e7\u00f5es do navegador.<\/p>\n\n\n\n<p>Se a fun\u00e7\u00e3o estiver desligada, \u00e9 bom observar que os cookies podem ser necess\u00e1rios para que alguns servi\u00e7os funcionem corretamente.<\/p>\n","protected":false},"excerpt":{"rendered":"<p>Regulamento geral de prote\u00e7\u00e3o de dados (UE) 2016\/679Artigo 12-14 POL\u00cdTICA DE PROTE\u00c7\u00c3O DE DADOS 28\/10\/2020 1. O controladorBlack Moda Oy, Business ID1034650-7Haikanvuori 5 c 1, 33960 PIRKKALAposti (@) blackmoda.fi 2. Pessoa de contato, controlador do registoMarko Keski-V\u00e4h\u00e4l\u00e4, Black Moda OyHaikanvuori 5 c 1, 33960 PIRKKALAposti (@) blackmoda.fi 3. Nome do registoRegisto pessoal do formul\u00e1rio de&#8230;<\/p>\n","protected":false},"author":2,"featured_media":0,"parent":0,"menu_order":0,"comment_status":"closed","ping_status":"closed","template":"","meta":{"_acf_changed":false,"footnotes":""},"class_list":["post-2899","page","type-page","status-publish","hentry"],"acf":[],"yoast_head":"<!-- This site is optimized with the Yoast SEO plugin v27.3 - https:\/\/yoast.com\/product\/yoast-seo-wordpress\/ -->\n<title>Declara\u00e7\u00e3o de privacidade &#8212; Black Moda<\/title>\n<meta name=\"robots\" content=\"index, follow, max-snippet:-1, max-image-preview:large, max-video-preview:-1\" \/>\n<link rel=\"canonical\" href=\"https:\/\/blackmoda.fi\/pt-pt\/declaracao-de-privacidade\/\" \/>\n<meta property=\"og:locale\" content=\"pt_PT\" \/>\n<meta property=\"og:type\" content=\"article\" \/>\n<meta property=\"og:title\" content=\"Declara\u00e7\u00e3o de privacidade &#8212; Black Moda\" \/>\n<meta property=\"og:description\" content=\"Regulamento geral de prote\u00e7\u00e3o de dados (UE) 2016\/679Artigo 12-14 POL\u00cdTICA DE PROTE\u00c7\u00c3O DE DADOS 28\/10\/2020 1. O controladorBlack Moda Oy, Business ID1034650-7Haikanvuori 5 c 1, 33960 PIRKKALAposti (@) blackmoda.fi 2. Pessoa de contato, controlador do registoMarko Keski-V\u00e4h\u00e4l\u00e4, Black Moda OyHaikanvuori 5 c 1, 33960 PIRKKALAposti (@) blackmoda.fi 3. Nome do registoRegisto pessoal do formul\u00e1rio de...\" \/>\n<meta property=\"og:url\" content=\"https:\/\/blackmoda.fi\/pt-pt\/declaracao-de-privacidade\/\" \/>\n<meta property=\"og:site_name\" content=\"Black Moda\" \/>\n<meta property=\"article:modified_time\" content=\"2022-11-25T09:00:22+00:00\" \/>\n<meta property=\"og:image\" content=\"https:\/\/blackmoda.fi\/wp-content\/uploads\/2020\/03\/blackmoda2.jpg\" \/>\n\t<meta property=\"og:image:width\" content=\"2560\" \/>\n\t<meta property=\"og:image:height\" content=\"1707\" \/>\n\t<meta property=\"og:image:type\" content=\"image\/jpeg\" \/>\n<meta name=\"twitter:card\" content=\"summary_large_image\" \/>\n<meta name=\"twitter:label1\" content=\"Est. reading time\" \/>\n\t<meta name=\"twitter:data1\" content=\"5 minutes\" \/>\n<script type=\"application\/ld+json\" class=\"yoast-schema-graph\">{\"@context\":\"https:\\\/\\\/schema.org\",\"@graph\":[{\"@type\":\"WebPage\",\"@id\":\"https:\\\/\\\/blackmoda.fi\\\/pt-pt\\\/declaracao-de-privacidade\\\/\",\"url\":\"https:\\\/\\\/blackmoda.fi\\\/pt-pt\\\/declaracao-de-privacidade\\\/\",\"name\":\"Declara\u00e7\u00e3o de privacidade &#8212; Black Moda\",\"isPartOf\":{\"@id\":\"https:\\\/\\\/blackmoda.fi.wwwdev2.kyberjoukot.fi\\\/#website\"},\"datePublished\":\"2020-10-28T13:16:50+00:00\",\"dateModified\":\"2022-11-25T09:00:22+00:00\",\"breadcrumb\":{\"@id\":\"https:\\\/\\\/blackmoda.fi\\\/pt-pt\\\/declaracao-de-privacidade\\\/#breadcrumb\"},\"inLanguage\":\"pt-PT\",\"potentialAction\":[{\"@type\":\"ReadAction\",\"target\":[\"https:\\\/\\\/blackmoda.fi\\\/pt-pt\\\/declaracao-de-privacidade\\\/\"]}]},{\"@type\":\"BreadcrumbList\",\"@id\":\"https:\\\/\\\/blackmoda.fi\\\/pt-pt\\\/declaracao-de-privacidade\\\/#breadcrumb\",\"itemListElement\":[{\"@type\":\"ListItem\",\"position\":1,\"name\":\"Home\",\"item\":\"https:\\\/\\\/blackmoda.fi\\\/\"},{\"@type\":\"ListItem\",\"position\":2,\"name\":\"Declara\u00e7\u00e3o de privacidade\"}]},{\"@type\":\"WebSite\",\"@id\":\"https:\\\/\\\/blackmoda.fi.wwwdev2.kyberjoukot.fi\\\/#website\",\"url\":\"https:\\\/\\\/blackmoda.fi.wwwdev2.kyberjoukot.fi\\\/\",\"name\":\"Black Moda\",\"description\":\"T\u00eaxteis de alta qualidade feitos em Portugal\",\"potentialAction\":[{\"@type\":\"SearchAction\",\"target\":{\"@type\":\"EntryPoint\",\"urlTemplate\":\"https:\\\/\\\/blackmoda.fi.wwwdev2.kyberjoukot.fi\\\/?s={search_term_string}\"},\"query-input\":{\"@type\":\"PropertyValueSpecification\",\"valueRequired\":true,\"valueName\":\"search_term_string\"}}],\"inLanguage\":\"pt-PT\"}]}<\/script>\n<!-- \/ Yoast SEO plugin. -->","yoast_head_json":{"title":"Declara\u00e7\u00e3o de privacidade &#8212; Black Moda","robots":{"index":"index","follow":"follow","max-snippet":"max-snippet:-1","max-image-preview":"max-image-preview:large","max-video-preview":"max-video-preview:-1"},"canonical":"https:\/\/blackmoda.fi\/pt-pt\/declaracao-de-privacidade\/","og_locale":"pt_PT","og_type":"article","og_title":"Declara\u00e7\u00e3o de privacidade &#8212; Black Moda","og_description":"Regulamento geral de prote\u00e7\u00e3o de dados (UE) 2016\/679Artigo 12-14 POL\u00cdTICA DE PROTE\u00c7\u00c3O DE DADOS 28\/10\/2020 1. O controladorBlack Moda Oy, Business ID1034650-7Haikanvuori 5 c 1, 33960 PIRKKALAposti (@) blackmoda.fi 2. Pessoa de contato, controlador do registoMarko Keski-V\u00e4h\u00e4l\u00e4, Black Moda OyHaikanvuori 5 c 1, 33960 PIRKKALAposti (@) blackmoda.fi 3. Nome do registoRegisto pessoal do formul\u00e1rio de...","og_url":"https:\/\/blackmoda.fi\/pt-pt\/declaracao-de-privacidade\/","og_site_name":"Black Moda","article_modified_time":"2022-11-25T09:00:22+00:00","og_image":[{"width":2560,"height":1707,"url":"https:\/\/blackmoda.fi\/wp-content\/uploads\/2020\/03\/blackmoda2.jpg","type":"image\/jpeg"}],"twitter_card":"summary_large_image","twitter_misc":{"Est. reading time":"5 minutes"},"schema":{"@context":"https:\/\/schema.org","@graph":[{"@type":"WebPage","@id":"https:\/\/blackmoda.fi\/pt-pt\/declaracao-de-privacidade\/","url":"https:\/\/blackmoda.fi\/pt-pt\/declaracao-de-privacidade\/","name":"Declara\u00e7\u00e3o de privacidade &#8212; Black Moda","isPartOf":{"@id":"https:\/\/blackmoda.fi.wwwdev2.kyberjoukot.fi\/#website"},"datePublished":"2020-10-28T13:16:50+00:00","dateModified":"2022-11-25T09:00:22+00:00","breadcrumb":{"@id":"https:\/\/blackmoda.fi\/pt-pt\/declaracao-de-privacidade\/#breadcrumb"},"inLanguage":"pt-PT","potentialAction":[{"@type":"ReadAction","target":["https:\/\/blackmoda.fi\/pt-pt\/declaracao-de-privacidade\/"]}]},{"@type":"BreadcrumbList","@id":"https:\/\/blackmoda.fi\/pt-pt\/declaracao-de-privacidade\/#breadcrumb","itemListElement":[{"@type":"ListItem","position":1,"name":"Home","item":"https:\/\/blackmoda.fi\/"},{"@type":"ListItem","position":2,"name":"Declara\u00e7\u00e3o de privacidade"}]},{"@type":"WebSite","@id":"https:\/\/blackmoda.fi.wwwdev2.kyberjoukot.fi\/#website","url":"https:\/\/blackmoda.fi.wwwdev2.kyberjoukot.fi\/","name":"Black Moda","description":"T\u00eaxteis de alta qualidade feitos em Portugal","potentialAction":[{"@type":"SearchAction","target":{"@type":"EntryPoint","urlTemplate":"https:\/\/blackmoda.fi.wwwdev2.kyberjoukot.fi\/?s={search_term_string}"},"query-input":{"@type":"PropertyValueSpecification","valueRequired":true,"valueName":"search_term_string"}}],"inLanguage":"pt-PT"}]}},"_links":{"self":[{"href":"https:\/\/blackmoda.fi\/pt-pt\/wp-json\/wp\/v2\/pages\/2899","targetHints":{"allow":["GET"]}}],"collection":[{"href":"https:\/\/blackmoda.fi\/pt-pt\/wp-json\/wp\/v2\/pages"}],"about":[{"href":"https:\/\/blackmoda.fi\/pt-pt\/wp-json\/wp\/v2\/types\/page"}],"author":[{"embeddable":true,"href":"https:\/\/blackmoda.fi\/pt-pt\/wp-json\/wp\/v2\/users\/2"}],"replies":[{"embeddable":true,"href":"https:\/\/blackmoda.fi\/pt-pt\/wp-json\/wp\/v2\/comments?post=2899"}],"version-history":[{"count":4,"href":"https:\/\/blackmoda.fi\/pt-pt\/wp-json\/wp\/v2\/pages\/2899\/revisions"}],"predecessor-version":[{"id":4264,"href":"https:\/\/blackmoda.fi\/pt-pt\/wp-json\/wp\/v2\/pages\/2899\/revisions\/4264"}],"wp:attachment":[{"href":"https:\/\/blackmoda.fi\/pt-pt\/wp-json\/wp\/v2\/media?parent=2899"}],"curies":[{"name":"wp","href":"https:\/\/api.w.org\/{rel}","templated":true}]}}