{"id":4897,"date":"2025-03-19T15:30:18","date_gmt":"2025-03-19T13:30:18","guid":{"rendered":"https:\/\/blackmoda.fi\/?page_id=4897"},"modified":"2025-03-19T18:56:15","modified_gmt":"2025-03-19T16:56:15","slug":"puuvillatehdas","status":"publish","type":"page","link":"https:\/\/blackmoda.fi\/pt-pt\/puuvillatehdas\/","title":{"rendered":"Puuvillatehdas: Vamos fazer isso lindamente"},"content":{"rendered":"\n<div style=\"height:44px\" aria-hidden=\"true\" class=\"wp-block-spacer\"><\/div>\n\n\n\n<div class=\"wp-block-group alignwide\"><div class=\"wp-block-group__inner-container is-layout-constrained wp-block-group-is-layout-constrained\">\n<div class=\"wp-block-columns align-items-center is-layout-flex wp-container-core-columns-is-layout-9d6595d7 wp-block-columns-is-layout-flex\">\n<div class=\"wp-block-column is-layout-flow wp-block-column-is-layout-flow\"><div class=\"wp-block-image\">\n<figure class=\"aligncenter size-full\"><img loading=\"lazy\" decoding=\"async\" width=\"342\" height=\"630\" src=\"https:\/\/blackmoda.fi\/wp-content\/uploads\/2025\/03\/pvt.png\" alt=\"\" class=\"wp-image-4885\"\/><\/figure>\n<\/div><\/div>\n\n\n\n<div class=\"wp-block-column is-layout-flow wp-block-column-is-layout-flow\"><div class=\"wp-block-image\">\n<figure class=\"aligncenter size-full is-resized\"><img loading=\"lazy\" decoding=\"async\" width=\"1033\" height=\"142\" src=\"https:\/\/blackmoda.fi\/wp-content\/uploads\/2025\/03\/puuvillatehdas-logo_tummansininen_uusi-1.png\" alt=\"\" class=\"wp-image-4873\" style=\"width:300px\" srcset=\"https:\/\/blackmoda.fi\/wp-content\/uploads\/2025\/03\/puuvillatehdas-logo_tummansininen_uusi-1.png 1033w, https:\/\/blackmoda.fi\/wp-content\/uploads\/2025\/03\/puuvillatehdas-logo_tummansininen_uusi-1-800x110.png 800w, https:\/\/blackmoda.fi\/wp-content\/uploads\/2025\/03\/puuvillatehdas-logo_tummansininen_uusi-1-768x106.png 768w, https:\/\/blackmoda.fi\/wp-content\/uploads\/2025\/03\/puuvillatehdas-logo_tummansininen_uusi-1-700x96.png 700w\" sizes=\"auto, (max-width: 1033px) 100vw, 1033px\" \/><\/figure>\n<\/div>\n\n\n<p>Puuvillatehdas \u00e9 uma marca da empresa finlandesa Black Moda Oy. Puuvillatehdas, marca de vestu\u00e1rio dom\u00e9stico e t\u00eaxteis-lar que tem como proposta de valor criar produtos intemporais e sustent\u00e1veis \u200b\u200b\u200b\u200bpara si e para a sua casa.<\/p>\n\n\n\n<p>Puuvillathehdas nasceu do sonho de abrir a sua pr\u00f3pria f\u00e1brica de confe\u00e7\u00e3o de vestu\u00e1rio. Faz parte da hist\u00f3ria de uma empresa familiar que viajou desde as plan\u00edcies da Ostrob\u00f3tnia at\u00e9 ao montanhoso norte de Portugal. Um sonho tornado realidade, que j\u00e1 vai na terceira gera\u00e7\u00e3o.<\/p>\n\n\n\n<p>Em Portugal, na cidade de Ponte de Lima, localiza-se a f\u00e1brica Black Moda, onde \u00e9 fabricada a maioria dos produtos da Puuvillatehta. As toalhas, len\u00e7\u00f3is e malhas s\u00e3o fabricados por subcontratados no norte de Portugal, perto da nossa pr\u00f3pria f\u00e1brica de costura.<\/p>\n\n\n\n<p>Para n\u00f3s, as camadas de tempo e as hist\u00f3rias relacionadas com os produtos s\u00e3o importantes, e por isso acreditamos que um dos valores desta ind\u00fastria \u00e9 fazer produtos que fiquem consigo nas diferentes fases da sua vida. Com os nossos produtos transmitimos o toque suave do material.<\/p>\n\n\n\n<p>Inspiramo-nos na clareza visual e a intemporalidade dos produtos \u00e9 importante para n\u00f3s. A base do guarda-roupa \u00e9 criada com modelos cl\u00e1ssicos bem desenhados que servem em diferentes fases da vida. Queremos incentivar os nossos clientes a gastar com sabedoria.<\/p>\n\n\n\n<p>Queremos desafiar a ind\u00fastria com os pre\u00e7os, mostramos com o nosso exemplo que mesmo um produto de pre\u00e7o m\u00e9dio pode ser de alta qualidade e merecedor da confian\u00e7a dos consumidores.<\/p>\n\n\n\n<p>A marca est\u00e1 dispon\u00edvel em quantidades limitadas nas lojas de departamento K-Citymarket e Sokos.<\/p>\n\n\n\n<p>Conhe\u00e7a <a href=\"https:\/\/blackmoda.fi\/pt-pt\/sustentabilidade\/\">aqui<\/a> a nossa responsabilidade e produ\u00e7\u00e3o.<\/p>\n\n\n\n<h5 class=\"wp-block-heading\"><strong>Contate-nos<\/strong><\/h5>\n\n\n\n<p>+358 040 538 4864<br>posti@blackmoda.fi<\/p>\n<\/div>\n<\/div>\n<\/div><\/div>\n","protected":false},"excerpt":{"rendered":"<p>Puuvillatehdas \u00e9 uma marca da empresa finlandesa Black Moda Oy. Puuvillatehdas, marca de vestu\u00e1rio dom\u00e9stico e t\u00eaxteis-lar que tem como proposta de valor criar produtos intemporais e sustent\u00e1veis \u200b\u200b\u200b\u200bpara si e para a sua casa. Puuvillathehdas nasceu do sonho de abrir a sua pr\u00f3pria f\u00e1brica de confe\u00e7\u00e3o de vestu\u00e1rio. Faz parte da hist\u00f3ria de uma&#8230;<\/p>\n","protected":false},"author":1,"featured_media":0,"parent":0,"menu_order":0,"comment_status":"closed","ping_status":"closed","template":"","meta":{"_acf_changed":false,"footnotes":""},"class_list":["post-4897","page","type-page","status-publish","hentry"],"acf":[],"yoast_head":"<!-- This site is optimized with the Yoast SEO plugin v27.3 - https:\/\/yoast.com\/product\/yoast-seo-wordpress\/ -->\n<title>Puuvillatehdas: Vamos fazer isso lindamente &#8212; Black Moda<\/title>\n<meta name=\"robots\" content=\"index, follow, max-snippet:-1, max-image-preview:large, max-video-preview:-1\" \/>\n<link rel=\"canonical\" href=\"https:\/\/blackmoda.fi\/puuvillatehdas\/\" \/>\n<meta property=\"og:locale\" content=\"pt_PT\" \/>\n<meta property=\"og:type\" content=\"article\" \/>\n<meta property=\"og:title\" content=\"Puuvillatehdas: Vamos fazer isso lindamente &#8212; Black Moda\" \/>\n<meta property=\"og:description\" content=\"Puuvillatehdas \u00e9 uma marca da empresa finlandesa Black Moda Oy. Puuvillatehdas, marca de vestu\u00e1rio dom\u00e9stico e t\u00eaxteis-lar que tem como proposta de valor criar produtos intemporais e sustent\u00e1veis \u200b\u200b\u200b\u200bpara si e para a sua casa. Puuvillathehdas nasceu do sonho de abrir a sua pr\u00f3pria f\u00e1brica de confe\u00e7\u00e3o de vestu\u00e1rio. Faz parte da hist\u00f3ria de uma...\" \/>\n<meta property=\"og:url\" content=\"https:\/\/blackmoda.fi\/puuvillatehdas\/\" \/>\n<meta property=\"og:site_name\" content=\"Black Moda\" \/>\n<meta property=\"article:modified_time\" content=\"2025-03-19T16:56:15+00:00\" \/>\n<meta property=\"og:image\" content=\"https:\/\/blackmoda.fi\/wp-content\/uploads\/2025\/03\/pvt.png\" \/>\n<meta name=\"twitter:card\" content=\"summary_large_image\" \/>\n<meta name=\"twitter:label1\" content=\"Est. reading time\" \/>\n\t<meta name=\"twitter:data1\" content=\"3 minutes\" \/>\n<script type=\"application\/ld+json\" class=\"yoast-schema-graph\">{\"@context\":\"https:\\\/\\\/schema.org\",\"@graph\":[{\"@type\":\"WebPage\",\"@id\":\"https:\\\/\\\/blackmoda.fi\\\/puuvillatehdas\\\/\",\"url\":\"https:\\\/\\\/blackmoda.fi\\\/puuvillatehdas\\\/\",\"name\":\"Puuvillatehdas: Vamos fazer isso lindamente &#8212; Black Moda\",\"isPartOf\":{\"@id\":\"https:\\\/\\\/blackmoda.fi.wwwdev2.kyberjoukot.fi\\\/#website\"},\"primaryImageOfPage\":{\"@id\":\"https:\\\/\\\/blackmoda.fi\\\/puuvillatehdas\\\/#primaryimage\"},\"image\":{\"@id\":\"https:\\\/\\\/blackmoda.fi\\\/puuvillatehdas\\\/#primaryimage\"},\"thumbnailUrl\":\"https:\\\/\\\/blackmoda.fi\\\/wp-content\\\/uploads\\\/2025\\\/03\\\/pvt.png\",\"datePublished\":\"2025-03-19T13:30:18+00:00\",\"dateModified\":\"2025-03-19T16:56:15+00:00\",\"breadcrumb\":{\"@id\":\"https:\\\/\\\/blackmoda.fi\\\/puuvillatehdas\\\/#breadcrumb\"},\"inLanguage\":\"pt-PT\",\"potentialAction\":[{\"@type\":\"ReadAction\",\"target\":[\"https:\\\/\\\/blackmoda.fi\\\/puuvillatehdas\\\/\"]}]},{\"@type\":\"ImageObject\",\"inLanguage\":\"pt-PT\",\"@id\":\"https:\\\/\\\/blackmoda.fi\\\/puuvillatehdas\\\/#primaryimage\",\"url\":\"https:\\\/\\\/blackmoda.fi\\\/wp-content\\\/uploads\\\/2025\\\/03\\\/pvt.png\",\"contentUrl\":\"https:\\\/\\\/blackmoda.fi\\\/wp-content\\\/uploads\\\/2025\\\/03\\\/pvt.png\"},{\"@type\":\"BreadcrumbList\",\"@id\":\"https:\\\/\\\/blackmoda.fi\\\/puuvillatehdas\\\/#breadcrumb\",\"itemListElement\":[{\"@type\":\"ListItem\",\"position\":1,\"name\":\"Home\",\"item\":\"https:\\\/\\\/blackmoda.fi\\\/\"},{\"@type\":\"ListItem\",\"position\":2,\"name\":\"Puuvillatehdas: Vamos fazer isso lindamente\"}]},{\"@type\":\"WebSite\",\"@id\":\"https:\\\/\\\/blackmoda.fi.wwwdev2.kyberjoukot.fi\\\/#website\",\"url\":\"https:\\\/\\\/blackmoda.fi.wwwdev2.kyberjoukot.fi\\\/\",\"name\":\"Black Moda\",\"description\":\"T\u00eaxteis de alta qualidade feitos em Portugal\",\"potentialAction\":[{\"@type\":\"SearchAction\",\"target\":{\"@type\":\"EntryPoint\",\"urlTemplate\":\"https:\\\/\\\/blackmoda.fi.wwwdev2.kyberjoukot.fi\\\/?s={search_term_string}\"},\"query-input\":{\"@type\":\"PropertyValueSpecification\",\"valueRequired\":true,\"valueName\":\"search_term_string\"}}],\"inLanguage\":\"pt-PT\"}]}<\/script>\n<!-- \/ Yoast SEO plugin. -->","yoast_head_json":{"title":"Puuvillatehdas: Vamos fazer isso lindamente &#8212; Black Moda","robots":{"index":"index","follow":"follow","max-snippet":"max-snippet:-1","max-image-preview":"max-image-preview:large","max-video-preview":"max-video-preview:-1"},"canonical":"https:\/\/blackmoda.fi\/puuvillatehdas\/","og_locale":"pt_PT","og_type":"article","og_title":"Puuvillatehdas: Vamos fazer isso lindamente &#8212; Black Moda","og_description":"Puuvillatehdas \u00e9 uma marca da empresa finlandesa Black Moda Oy. Puuvillatehdas, marca de vestu\u00e1rio dom\u00e9stico e t\u00eaxteis-lar que tem como proposta de valor criar produtos intemporais e sustent\u00e1veis \u200b\u200b\u200b\u200bpara si e para a sua casa. Puuvillathehdas nasceu do sonho de abrir a sua pr\u00f3pria f\u00e1brica de confe\u00e7\u00e3o de vestu\u00e1rio. Faz parte da hist\u00f3ria de uma...","og_url":"https:\/\/blackmoda.fi\/puuvillatehdas\/","og_site_name":"Black Moda","article_modified_time":"2025-03-19T16:56:15+00:00","og_image":[{"url":"https:\/\/blackmoda.fi\/wp-content\/uploads\/2025\/03\/pvt.png","type":"","width":"","height":""}],"twitter_card":"summary_large_image","twitter_misc":{"Est. reading time":"3 minutes"},"schema":{"@context":"https:\/\/schema.org","@graph":[{"@type":"WebPage","@id":"https:\/\/blackmoda.fi\/puuvillatehdas\/","url":"https:\/\/blackmoda.fi\/puuvillatehdas\/","name":"Puuvillatehdas: Vamos fazer isso lindamente &#8212; Black Moda","isPartOf":{"@id":"https:\/\/blackmoda.fi.wwwdev2.kyberjoukot.fi\/#website"},"primaryImageOfPage":{"@id":"https:\/\/blackmoda.fi\/puuvillatehdas\/#primaryimage"},"image":{"@id":"https:\/\/blackmoda.fi\/puuvillatehdas\/#primaryimage"},"thumbnailUrl":"https:\/\/blackmoda.fi\/wp-content\/uploads\/2025\/03\/pvt.png","datePublished":"2025-03-19T13:30:18+00:00","dateModified":"2025-03-19T16:56:15+00:00","breadcrumb":{"@id":"https:\/\/blackmoda.fi\/puuvillatehdas\/#breadcrumb"},"inLanguage":"pt-PT","potentialAction":[{"@type":"ReadAction","target":["https:\/\/blackmoda.fi\/puuvillatehdas\/"]}]},{"@type":"ImageObject","inLanguage":"pt-PT","@id":"https:\/\/blackmoda.fi\/puuvillatehdas\/#primaryimage","url":"https:\/\/blackmoda.fi\/wp-content\/uploads\/2025\/03\/pvt.png","contentUrl":"https:\/\/blackmoda.fi\/wp-content\/uploads\/2025\/03\/pvt.png"},{"@type":"BreadcrumbList","@id":"https:\/\/blackmoda.fi\/puuvillatehdas\/#breadcrumb","itemListElement":[{"@type":"ListItem","position":1,"name":"Home","item":"https:\/\/blackmoda.fi\/"},{"@type":"ListItem","position":2,"name":"Puuvillatehdas: Vamos fazer isso lindamente"}]},{"@type":"WebSite","@id":"https:\/\/blackmoda.fi.wwwdev2.kyberjoukot.fi\/#website","url":"https:\/\/blackmoda.fi.wwwdev2.kyberjoukot.fi\/","name":"Black Moda","description":"T\u00eaxteis de alta qualidade feitos em Portugal","potentialAction":[{"@type":"SearchAction","target":{"@type":"EntryPoint","urlTemplate":"https:\/\/blackmoda.fi.wwwdev2.kyberjoukot.fi\/?s={search_term_string}"},"query-input":{"@type":"PropertyValueSpecification","valueRequired":true,"valueName":"search_term_string"}}],"inLanguage":"pt-PT"}]}},"_links":{"self":[{"href":"https:\/\/blackmoda.fi\/pt-pt\/wp-json\/wp\/v2\/pages\/4897","targetHints":{"allow":["GET"]}}],"collection":[{"href":"https:\/\/blackmoda.fi\/pt-pt\/wp-json\/wp\/v2\/pages"}],"about":[{"href":"https:\/\/blackmoda.fi\/pt-pt\/wp-json\/wp\/v2\/types\/page"}],"author":[{"embeddable":true,"href":"https:\/\/blackmoda.fi\/pt-pt\/wp-json\/wp\/v2\/users\/1"}],"replies":[{"embeddable":true,"href":"https:\/\/blackmoda.fi\/pt-pt\/wp-json\/wp\/v2\/comments?post=4897"}],"version-history":[{"count":4,"href":"https:\/\/blackmoda.fi\/pt-pt\/wp-json\/wp\/v2\/pages\/4897\/revisions"}],"predecessor-version":[{"id":4904,"href":"https:\/\/blackmoda.fi\/pt-pt\/wp-json\/wp\/v2\/pages\/4897\/revisions\/4904"}],"wp:attachment":[{"href":"https:\/\/blackmoda.fi\/pt-pt\/wp-json\/wp\/v2\/media?parent=4897"}],"curies":[{"name":"wp","href":"https:\/\/api.w.org\/{rel}","templated":true}]}}